{"id":7360,"date":"2024-09-10T14:01:26","date_gmt":"2024-09-10T12:01:26","guid":{"rendered":"https:\/\/dev.agostinjani.org\/?page_id=7360"},"modified":"2024-09-13T13:53:19","modified_gmt":"2024-09-13T11:53:19","slug":"forms","status":"publish","type":"page","link":"https:\/\/agostinjani.org\/mt\/forms\/","title":{"rendered":"Forms"},"content":{"rendered":"\n<h4 class=\"wp-block-heading\">Youth Ministry<\/h4>\n\n\n<div class=\"wpv-view-output\" data-toolset-views-view-editor=\"1c8fcd671bee41ac773b5db182f7e310\"><div class=\"wp-block-toolset-views-view-editor\"><div id=\"wpv-view-layout-7354\" class=\"js-wpv-view-layout js-wpv-layout-responsive js-wpv-view-layout-7354 wpv-pagination js-wpv-layout-has-pagination wpv-pagination-preload-images js-wpv-layout-preload-images wpv-pagination-preload-pages js-wpv-layout-preload-pages\" style=\"visibility:hidden;\" data-viewnumber=\"7354\" data-pagination=\"{&quot;id&quot;:7354,&quot;query&quot;:&quot;normal&quot;,&quot;type&quot;:&quot;ajaxed&quot;,&quot;effect&quot;:&quot;fade&quot;,&quot;duration&quot;:500,&quot;speed&quot;:5,&quot;pause_on_hover&quot;:&quot;disabled&quot;,&quot;stop_rollover&quot;:&quot;false&quot;,&quot;cache_pages&quot;:&quot;enabled&quot;,&quot;preload_images&quot;:&quot;enabled&quot;,&quot;preload_pages&quot;:&quot;enabled&quot;,&quot;preload_reach&quot;:1,&quot;spinner&quot;:&quot;builtin&quot;,&quot;spinner_image&quot;:&quot;https:\/\/agostinjani.org\/wp-content\/plugins\/toolset-blocks\/embedded\/res\/img\/ajax-loader.svg&quot;,&quot;callback_next&quot;:&quot;&quot;,&quot;manage_history&quot;:&quot;enabled&quot;,&quot;has_controls_in_form&quot;:&quot;disabled&quot;,&quot;infinite_tolerance&quot;:&quot;0&quot;,&quot;max_pages&quot;:4,&quot;page&quot;:1,&quot;base_permalink&quot;:&quot;\/mt\/wp-json\/wp\/v2\/pages\/7360?wpv_view_count=7354&amp;wpv_paged=WPV_PAGE_NUM&quot;,&quot;loop&quot;:{&quot;type&quot;:&quot;&quot;,&quot;name&quot;:&quot;&quot;,&quot;data&quot;:[],&quot;id&quot;:0}}\" data-permalink=\"\/mt\/wp-json\/wp\/v2\/pages\/7360?wpv_view_count=7354\">\n<div class=\"js-wpv-loop-wrapper\">\n<div class=\"wp-block-toolset-views-view-template-block wpv-block-loop-item php-to-be-replaced-with-shortcode\" data-toolset-views-view-template-block=\"24bdf82133487b7daaa6cda53eed7ce3\">\n<p><strong><a href=\"https:\/\/agostinjani.org\/mt\/forms\/ym-forms\/easter-activity-augustinian-youths\/\">Easter Activity &#8211; Augustinian Youths<\/a> <\/strong>- 31\/03\/2026<\/p>\n<\/div>\n\n<div class=\"wp-block-toolset-views-view-template-block wpv-block-loop-item php-to-be-replaced-with-shortcode\" data-toolset-views-view-template-block=\"24bdf82133487b7daaa6cda53eed7ce3\">\n<p><strong><a href=\"https:\/\/agostinjani.org\/mt\/ministries\/missionary\/amigos-hike-2026\/\">AMIGOS Hike 2026<\/a> <\/strong>- 21\/03\/2026<\/p>\n<\/div>\n\n<div class=\"wp-block-toolset-views-view-template-block wpv-block-loop-item php-to-be-replaced-with-shortcode\" data-toolset-views-view-template-block=\"24bdf82133487b7daaa6cda53eed7ce3\">\n<p><strong><a href=\"https:\/\/agostinjani.org\/mt\/forms\/ym-forms\/camino-de-santiago-experience-augustinian-youths-participation-form\/\">Camino de Santiago Experience (Augustinian Youths) &#8211; Participation Form<\/a> <\/strong>- 02\/01\/2026<\/p>\n<\/div>\n\n<div class=\"wp-block-toolset-views-view-template-block wpv-block-loop-item php-to-be-replaced-with-shortcode\" data-toolset-views-view-template-block=\"24bdf82133487b7daaa6cda53eed7ce3\">\n<p><strong><a href=\"https:\/\/agostinjani.org\/mt\/forms\/ym-forms\/amigos-summer-missionary-experience-2026-form-2\/\">AMIGOS Summer Missionary Experience 2026 &#8211; Form<\/a> <\/strong>- 25\/10\/2025<\/p>\n<\/div>\n\n<div class=\"wp-block-toolset-views-view-template-block wpv-block-loop-item php-to-be-replaced-with-shortcode\" data-toolset-views-view-template-block=\"24bdf82133487b7daaa6cda53eed7ce3\">\n<p><strong><a href=\"https:\/\/agostinjani.org\/mt\/forms\/ym-forms\/upload-summer-experiences-2026\/\">Upload Summer Experiences 2026<\/a> <\/strong>- 25\/10\/2025<\/p>\n<\/div>\n\n<div class=\"wp-block-toolset-views-view-template-block wpv-block-loop-item php-to-be-replaced-with-shortcode\" data-toolset-views-view-template-block=\"24bdf82133487b7daaa6cda53eed7ce3\">\n<p><strong><a href=\"https:\/\/agostinjani.org\/mt\/forms\/ym-forms\/dettalji-attivitajiet-zghazagh-agostinjani\/\">Dettalji Attivitajiet \u017bg\u0127a\u017cag\u0127 Agostinjani<\/a> <\/strong>- 30\/09\/2025<\/p>\n<\/div>\n\n<div class=\"wp-block-toolset-views-view-template-block wpv-block-loop-item php-to-be-replaced-with-shortcode\" data-toolset-views-view-template-block=\"24bdf82133487b7daaa6cda53eed7ce3\">\n<p><strong><a href=\"https:\/\/agostinjani.org\/mt\/forms\/ym-forms\/gurnata-ghawdex\/\">\u0120urnata G\u0127awdex<\/a> <\/strong>- 26\/04\/2025<\/p>\n<\/div>\n\n<div class=\"wp-block-toolset-views-view-template-block wpv-block-loop-item php-to-be-replaced-with-shortcode\" data-toolset-views-view-template-block=\"24bdf82133487b7daaa6cda53eed7ce3\">\n<p><strong><a href=\"https:\/\/agostinjani.org\/mt\/forms\/ym-forms\/lenten-retreat-augustinian-youths-2\/\">Lent Retreat &#8211; Augustinian Youths<\/a> <\/strong>- 20\/03\/2025<\/p>\n<\/div>\n\n<div class=\"wp-block-toolset-views-view-template-block wpv-block-loop-item php-to-be-replaced-with-shortcode\" data-toolset-views-view-template-block=\"24bdf82133487b7daaa6cda53eed7ce3\">\n<p><strong><a href=\"https:\/\/agostinjani.org\/mt\/ministries\/missionary\/amigos-hike-2\/\">AMIGOS Hike<\/a> <\/strong>- 26\/02\/2025<\/p>\n<\/div>\n\n<div class=\"wp-block-toolset-views-view-template-block wpv-block-loop-item php-to-be-replaced-with-shortcode\" data-toolset-views-view-template-block=\"24bdf82133487b7daaa6cda53eed7ce3\">\n<p><strong><a href=\"https:\/\/agostinjani.org\/mt\/ministries\/missionary\/amigos-ta-soldi-pasta-night\/\">AMIGOS Ta&#8217; Soldi Pasta Night<\/a> <\/strong>- 02\/02\/2025<\/p>\n<\/div>\n<\/div>\n\n\n<div class=\"wpv-pagination-nav-links\" data-toolset-views-view-pagination-block=\"030be0772cab200ccbab9fa873402351\"><ul class=\"wpv-pagination-nav-links-container js-wpv-pagination-nav-links-container pagination\"><li class=\"wpv-pagination-nav-links-item js-wpv-pagination-nav-links-item page-item wpv-page-link-7354-1 js-wpv-page-link-7354-1 wpv_page_current wpv-pagination-nav-links-item-current active\"><span class=\"wpv-filter-pagination-link page-link\">1<\/span><\/li><li class=\"wpv-pagination-nav-links-item js-wpv-pagination-nav-links-item page-item wpv-page-link-7354-2 js-wpv-page-link-7354-2\"><a class=\"wpv-filter-pagination-link js-wpv-pagination-link page-link\" title=\"2\" href=\"\/mt\/wp-json\/wp\/v2\/pages\/7360?wpv_view_count=7354&#038;wpv_paged=2\" data-viewnumber=\"7354\" data-page=\"2\">2<\/a><\/li><li class=\"wpv-pagination-nav-links-item js-wpv-pagination-nav-links-item page-item wpv-page-link-7354-3 js-wpv-page-link-7354-3\"><a class=\"wpv-filter-pagination-link js-wpv-pagination-link page-link\" title=\"3\" href=\"\/mt\/wp-json\/wp\/v2\/pages\/7360?wpv_view_count=7354&#038;wpv_paged=3\" data-viewnumber=\"7354\" data-page=\"3\">3<\/a><\/li><li class=\"wpv-pagination-nav-links-item js-wpv-pagination-nav-links-item page-item wpv-page-link-7354-4 js-wpv-page-link-7354-4\"><a class=\"wpv-filter-pagination-link js-wpv-pagination-link page-link\" title=\"4\" href=\"\/mt\/wp-json\/wp\/v2\/pages\/7360?wpv_view_count=7354&#038;wpv_paged=4\" data-viewnumber=\"7354\" data-page=\"4\">4<\/a><\/li><li  class=\"page-item\"><a class=\"wpv-filter-next-link js-wpv-pagination-next-link page-link \"  href=\"\/mt\/wp-json\/wp\/v2\/pages\/7360?wpv_view_count=7354&#038;wpv_paged=2\"\n\t\t\t\t\tdata-viewnumber=\"7354\" data-page=\"2\">Li jmiss<\/a><\/li><\/ul><\/div>\n<\/div><\/div><form autocomplete=\"off\" name=\"wpv-filter-7354\" action=\"\/mt\/wp-json\/wp\/v2\/pages\/7360?wpv_view_count=7354\" method=\"get\" class=\"wpv-filter-form js-wpv-filter-form js-wpv-filter-form-7354 js-wpv-form-full\" data-viewnumber=\"7354\" data-viewid=\"7354\" data-viewhash=\"eyJuYW1lIjoieW91dGhmb3JtcyJ9\" data-viewwidgetid=\"0\" data-orderby=\"\" data-order=\"\" data-orderbyas=\"\" data-orderbysecond=\"\" data-ordersecond=\"\" data-parametric=\"{&quot;query&quot;:&quot;normal&quot;,&quot;id&quot;:7354,&quot;view_id&quot;:7354,&quot;widget_id&quot;:0,&quot;view_hash&quot;:&quot;7354&quot;,&quot;action&quot;:&quot;\\\/mt\\\/wp-json\\\/wp\\\/v2\\\/pages\\\/7360?wpv_view_count=7354&quot;,&quot;sort&quot;:{&quot;orderby&quot;:&quot;&quot;,&quot;order&quot;:&quot;&quot;,&quot;orderby_as&quot;:&quot;&quot;,&quot;orderby_second&quot;:&quot;&quot;,&quot;order_second&quot;:&quot;&quot;},&quot;orderby&quot;:&quot;&quot;,&quot;order&quot;:&quot;&quot;,&quot;orderby_as&quot;:&quot;&quot;,&quot;orderby_second&quot;:&quot;&quot;,&quot;order_second&quot;:&quot;&quot;,&quot;ajax_form&quot;:&quot;&quot;,&quot;ajax_results&quot;:&quot;&quot;,&quot;effect&quot;:&quot;fade&quot;,&quot;prebefore&quot;:&quot;&quot;,&quot;before&quot;:&quot;&quot;,&quot;after&quot;:&quot;&quot;,&quot;attributes&quot;:[],&quot;environment&quot;:{&quot;current_post_id&quot;:7360,&quot;parent_post_id&quot;:7360,&quot;parent_term_id&quot;:0,&quot;parent_user_id&quot;:0,&quot;archive&quot;:{&quot;type&quot;:&quot;&quot;,&quot;name&quot;:&quot;&quot;,&quot;data&quot;:[]}},&quot;loop&quot;:{&quot;type&quot;:&quot;&quot;,&quot;name&quot;:&quot;&quot;,&quot;data&quot;:[],&quot;id&quot;:0}}\" data-attributes=\"[]\" data-environment=\"{&quot;current_post_id&quot;:7360,&quot;parent_post_id&quot;:7360,&quot;parent_term_id&quot;:0,&quot;parent_user_id&quot;:0,&quot;archive&quot;:{&quot;type&quot;:&quot;&quot;,&quot;name&quot;:&quot;&quot;,&quot;data&quot;:[]}}\"><input type=\"hidden\" class=\"js-wpv-dps-filter-data js-wpv-filter-data-for-this-form\" data-action=\"\/mt\/wp-json\/wp\/v2\/pages\/7360?wpv_view_count=7354\" data-page=\"1\" data-ajax=\"disable\" data-effect=\"fade\" data-maxpages=\"4\" data-ajaxprebefore=\"\" data-ajaxbefore=\"\" data-ajaxafter=\"\" \/><input class=\"wpv_view_count wpv_view_count-7354\" type=\"hidden\" name=\"wpv_view_count\" value=\"7354\" \/>\n\n<\/form><\/div>","protected":false},"excerpt":{"rendered":"<p>Youth Ministry<\/p>\n","protected":false},"author":1,"featured_media":0,"parent":0,"menu_order":0,"comment_status":"closed","ping_status":"closed","template":"","meta":{"_uag_custom_page_level_css":"","site-sidebar-layout":"default","site-content-layout":"","ast-site-content-layout":"default","site-content-style":"default","site-sidebar-style":"default","ast-global-header-display":"","ast-banner-title-visibility":"","ast-main-header-display":"","ast-hfb-above-header-display":"","ast-hfb-below-header-display":"","ast-hfb-mobile-header-display":"","site-post-title":"","ast-breadcrumbs-content":"","ast-featured-img":"","footer-sml-layout":"","ast-disable-related-posts":"","theme-transparent-header-meta":"","adv-header-id-meta":"","stick-header-meta":"","header-above-stick-meta":"","header-main-stick-meta":"","header-below-stick-meta":"","astra-migrate-meta-layouts":"default","ast-page-background-enabled":"default","ast-page-background-meta":{"desktop":{"background-color":"var(--ast-global-color-4)","background-image":"","background-repeat":"repeat","background-position":"center center","background-size":"auto","background-attachment":"scroll","background-type":"","background-media":"","overlay-type":"","overlay-color":"","overlay-opacity":"","overlay-gradient":""},"tablet":{"background-color":"","background-image":"","background-repeat":"repeat","background-position":"center center","background-size":"auto","background-attachment":"scroll","background-type":"","background-media":"","overlay-type":"","overlay-color":"","overlay-opacity":"","overlay-gradient":""},"mobile":{"background-color":"","background-image":"","background-repeat":"repeat","background-position":"center center","background-size":"auto","background-attachment":"scroll","background-type":"","background-media":"","overlay-type":"","overlay-color":"","overlay-opacity":"","overlay-gradient":""}},"ast-content-background-meta":{"desktop":{"background-color":"var(--ast-global-color-5)","background-image":"","background-repeat":"repeat","background-position":"center center","background-size":"auto","background-attachment":"scroll","background-type":"","background-media":"","overlay-type":"","overlay-color":"","overlay-opacity":"","overlay-gradient":""},"tablet":{"background-color":"var(--ast-global-color-5)","background-image":"","background-repeat":"repeat","background-position":"center center","background-size":"auto","background-attachment":"scroll","background-type":"","background-media":"","overlay-type":"","overlay-color":"","overlay-opacity":"","overlay-gradient":""},"mobile":{"background-color":"var(--ast-global-color-5)","background-image":"","background-repeat":"repeat","background-position":"center center","background-size":"auto","background-attachment":"scroll","background-type":"","background-media":"","overlay-type":"","overlay-color":"","overlay-opacity":"","overlay-gradient":""}},"footnotes":""},"class_list":["post-7360","page","type-page","status-publish","hentry"],"uagb_featured_image_src":{"full":false,"thumbnail":false,"medium":false,"medium_large":false,"large":false,"1536x1536":false,"2048x2048":false,"gform-image-choice-sm":false,"gform-image-choice-md":false,"gform-image-choice-lg":false},"uagb_author_info":{"display_name":"admin","author_link":"https:\/\/agostinjani.org\/mt\/author\/techit\/"},"uagb_comment_info":0,"uagb_excerpt":"Youth Ministry","_links":{"self":[{"href":"https:\/\/agostinjani.org\/mt\/wp-json\/wp\/v2\/pages\/7360","targetHints":{"allow":["GET"]}}],"collection":[{"href":"https:\/\/agostinjani.org\/mt\/wp-json\/wp\/v2\/pages"}],"about":[{"href":"https:\/\/agostinjani.org\/mt\/wp-json\/wp\/v2\/types\/page"}],"author":[{"embeddable":true,"href":"https:\/\/agostinjani.org\/mt\/wp-json\/wp\/v2\/users\/1"}],"replies":[{"embeddable":true,"href":"https:\/\/agostinjani.org\/mt\/wp-json\/wp\/v2\/comments?post=7360"}],"version-history":[{"count":2,"href":"https:\/\/agostinjani.org\/mt\/wp-json\/wp\/v2\/pages\/7360\/revisions"}],"predecessor-version":[{"id":7551,"href":"https:\/\/agostinjani.org\/mt\/wp-json\/wp\/v2\/pages\/7360\/revisions\/7551"}],"wp:attachment":[{"href":"https:\/\/agostinjani.org\/mt\/wp-json\/wp\/v2\/media?parent=7360"}],"curies":[{"name":"wp","href":"https:\/\/api.w.org\/{rel}","templated":true}]}}