{"id":6982,"date":"2024-03-21T15:41:22","date_gmt":"2024-03-21T14:41:22","guid":{"rendered":"https:\/\/dev.agostinjani.org\/?page_id=6982"},"modified":"2024-07-16T13:20:11","modified_gmt":"2024-07-16T11:20:11","slug":"l-ordni-agostinjan","status":"publish","type":"page","link":"https:\/\/agostinjani.org\/mt\/min-ahna\/l-ordni-agostinjan\/","title":{"rendered":"L-Ordni Agostinjan"},"content":{"rendered":"\n<div class=\"wp-block-cover alignfull\" style=\"margin-bottom:var(--wp--preset--spacing--50)\"><span aria-hidden=\"true\" class=\"wp-block-cover__background has-ast-global-color-3-background-color has-background-dim\"><\/span><img data-recalc-dims=\"1\" fetchpriority=\"high\" decoding=\"async\" width=\"2048\" height=\"1111\" class=\"wp-block-cover__image-background wp-image-6962\" alt=\"\" src=\"https:\/\/i0.wp.com\/agostinjani.org\/wp-content\/uploads\/2024\/07\/365038506_590241209962464_4493855927442233399_n.jpg?resize=2048%2C1111&#038;ssl=1\" style=\"object-position:52% 66%\" data-object-fit=\"cover\" data-object-position=\"52% 66%\" srcset=\"https:\/\/i0.wp.com\/agostinjani.org\/wp-content\/uploads\/2024\/07\/365038506_590241209962464_4493855927442233399_n.jpg?w=2048&amp;ssl=1 2048w, https:\/\/i0.wp.com\/agostinjani.org\/wp-content\/uploads\/2024\/07\/365038506_590241209962464_4493855927442233399_n.jpg?resize=900%2C488&amp;ssl=1 900w, https:\/\/i0.wp.com\/agostinjani.org\/wp-content\/uploads\/2024\/07\/365038506_590241209962464_4493855927442233399_n.jpg?resize=1200%2C651&amp;ssl=1 1200w, https:\/\/i0.wp.com\/agostinjani.org\/wp-content\/uploads\/2024\/07\/365038506_590241209962464_4493855927442233399_n.jpg?resize=768%2C417&amp;ssl=1 768w, https:\/\/i0.wp.com\/agostinjani.org\/wp-content\/uploads\/2024\/07\/365038506_590241209962464_4493855927442233399_n.jpg?resize=1536%2C833&amp;ssl=1 1536w\" sizes=\"(max-width: 1000px) 100vw, 1000px\" \/><div class=\"wp-block-cover__inner-container is-layout-constrained wp-block-cover-is-layout-constrained\">\n<h2 class=\"wp-block-heading has-text-align-center has-large-font-size\"><strong><strong>L-Ordni Agostinjan<\/strong><\/strong><\/h2>\n<\/div><\/div>\n\n\n\n<h3 class=\"wp-block-heading\"><strong>L-G\u0127an tal-Ordni Agostinjan<\/strong><\/h3>\n\n\n\n<p>L-g\u0127an tal-Ordni Agostinjan (OSA) jikkonsisti li, f\u2019g\u0127aqda fraterna u ta\u2019 \u0127biberija spiritwali, infittxu u nfa\u0127\u0127ru lil Alla u na\u0127dmu g\u0127as-servizz tal-poplu tieg\u0127u. B\u2019dan il-mod, a\u0127na naqsmu mal-\u0127idma ta\u2019 evan\u0121elizzazzjoni tal-Knisja biex twassal il-Bxara t-Tajba lid-dinja kollha biex inkunu nistg\u0127u nittrasformaw id-dinja minn \u0121ewwa. Din hija x-xhieda tag\u0127na. (cf Kostituzzjonijiet OSA 13)<\/p>\n\n\n\n<p>G\u0127alhekk, li nkunu nies mimlija b\u2019Alla, mimlija dawl, mimlija fer\u0127. B\u0127al Wistin\u2026 Mulej, a\u0127na rridu nibqg\u0127u nfittxuk, nixtiequ nkomplu nsibuk u nag\u0127rfuk\u2026 imma fuq kollox irridu nkomplu n\u0127obbuk dejjem iktar.<\/p>\n\n\n\n<figure class=\"wp-block-gallery alignfull has-nested-images columns-default is-cropped wp-block-gallery-1 is-layout-flex wp-block-gallery-is-layout-flex\" style=\"margin-top:var(--wp--preset--spacing--60);margin-bottom:var(--wp--preset--spacing--60)\">\n<figure class=\"wp-block-image size-large\"><img data-recalc-dims=\"1\" decoding=\"async\" width=\"1200\" height=\"900\" data-id=\"6971\" src=\"https:\/\/i0.wp.com\/agostinjani.org\/wp-content\/uploads\/2024\/07\/WhatsApp-Image-2024-06-27-at-13.16.49-1.jpeg?resize=1200%2C900&#038;ssl=1\" alt=\"\" class=\"wp-image-6971\" srcset=\"https:\/\/i0.wp.com\/agostinjani.org\/wp-content\/uploads\/2024\/07\/WhatsApp-Image-2024-06-27-at-13.16.49-1.jpeg?resize=1200%2C900&amp;ssl=1 1200w, https:\/\/i0.wp.com\/agostinjani.org\/wp-content\/uploads\/2024\/07\/WhatsApp-Image-2024-06-27-at-13.16.49-1.jpeg?resize=900%2C675&amp;ssl=1 900w, https:\/\/i0.wp.com\/agostinjani.org\/wp-content\/uploads\/2024\/07\/WhatsApp-Image-2024-06-27-at-13.16.49-1.jpeg?resize=768%2C576&amp;ssl=1 768w, https:\/\/i0.wp.com\/agostinjani.org\/wp-content\/uploads\/2024\/07\/WhatsApp-Image-2024-06-27-at-13.16.49-1.jpeg?resize=1536%2C1152&amp;ssl=1 1536w, https:\/\/i0.wp.com\/agostinjani.org\/wp-content\/uploads\/2024\/07\/WhatsApp-Image-2024-06-27-at-13.16.49-1.jpeg?w=1600&amp;ssl=1 1600w\" sizes=\"(max-width: 1000px) 100vw, 1000px\" \/><\/figure>\n\n\n\n<figure class=\"wp-block-image size-large\"><img data-recalc-dims=\"1\" decoding=\"async\" width=\"1200\" height=\"674\" data-id=\"6967\" src=\"https:\/\/i0.wp.com\/agostinjani.org\/wp-content\/uploads\/2024\/07\/WhatsApp-Image-2024-06-27-at-13.32.43-1.jpeg?resize=1200%2C674&#038;ssl=1\" alt=\"\" class=\"wp-image-6967\" srcset=\"https:\/\/i0.wp.com\/agostinjani.org\/wp-content\/uploads\/2024\/07\/WhatsApp-Image-2024-06-27-at-13.32.43-1.jpeg?resize=1200%2C674&amp;ssl=1 1200w, https:\/\/i0.wp.com\/agostinjani.org\/wp-content\/uploads\/2024\/07\/WhatsApp-Image-2024-06-27-at-13.32.43-1.jpeg?resize=900%2C506&amp;ssl=1 900w, https:\/\/i0.wp.com\/agostinjani.org\/wp-content\/uploads\/2024\/07\/WhatsApp-Image-2024-06-27-at-13.32.43-1.jpeg?resize=768%2C432&amp;ssl=1 768w, https:\/\/i0.wp.com\/agostinjani.org\/wp-content\/uploads\/2024\/07\/WhatsApp-Image-2024-06-27-at-13.32.43-1.jpeg?w=1338&amp;ssl=1 1338w\" sizes=\"(max-width: 1000px) 100vw, 1000px\" \/><\/figure>\n\n\n\n<figure class=\"wp-block-image size-large\"><img data-recalc-dims=\"1\" loading=\"lazy\" decoding=\"async\" width=\"1200\" height=\"560\" data-id=\"6968\" src=\"https:\/\/i0.wp.com\/agostinjani.org\/wp-content\/uploads\/2024\/07\/WhatsApp-Image-2024-06-27-at-13.16.49.jpeg?resize=1200%2C560&#038;ssl=1\" alt=\"\" class=\"wp-image-6968\" srcset=\"https:\/\/i0.wp.com\/agostinjani.org\/wp-content\/uploads\/2024\/07\/WhatsApp-Image-2024-06-27-at-13.16.49.jpeg?resize=1200%2C560&amp;ssl=1 1200w, https:\/\/i0.wp.com\/agostinjani.org\/wp-content\/uploads\/2024\/07\/WhatsApp-Image-2024-06-27-at-13.16.49.jpeg?resize=900%2C420&amp;ssl=1 900w, https:\/\/i0.wp.com\/agostinjani.org\/wp-content\/uploads\/2024\/07\/WhatsApp-Image-2024-06-27-at-13.16.49.jpeg?resize=768%2C359&amp;ssl=1 768w, https:\/\/i0.wp.com\/agostinjani.org\/wp-content\/uploads\/2024\/07\/WhatsApp-Image-2024-06-27-at-13.16.49.jpeg?resize=1536%2C717&amp;ssl=1 1536w, https:\/\/i0.wp.com\/agostinjani.org\/wp-content\/uploads\/2024\/07\/WhatsApp-Image-2024-06-27-at-13.16.49.jpeg?w=1600&amp;ssl=1 1600w\" sizes=\"(max-width: 1000px) 100vw, 1000px\" \/><\/figure>\n<\/figure>\n\n\n\n<h3 class=\"wp-block-heading\"><strong>Nissej\u0127u Agostinjani<\/strong><\/h3>\n\n\n\n<p>Dan l-isem i\u0121orr mieg\u0127u passat mill-isba\u0127, pre\u017cent mimli sfidi u futur kollu tama! L-Ordni ta\u2019 Santu Wistin huwa wie\u0127ed mill-ordnijiet reli\u0121ju\u017ci g\u0127as-servizz tal-Evan\u0121elju ta\u2019 Sidna \u0120es\u00f9 Kristu. Il-missjoni tag\u0127na b\u0127ala ordni reli\u0121ju\u017c fil-Knisja Kattolika hija li nag\u0127tu xhieda tal-im\u0127abba ta\u2019 Alla lejn il-bniedem permezz tal-\u0127ajja ta\u2019 flimkien f\u2019komunitajiet ta\u2019 a\u0127wa, mibnija fuq il-\u0127biberija spiritwali u l-qsim tal-esperjenza tal-fidi. Permezz tal-weg\u0127diet tal-kastit\u00e0, faqar u ubbidjenza nimpenjaw irwie\u0127na f\u2019konsagrazzjoni li Alla sej\u0127ilna g\u0127aliha g\u0127as-servizz tal-Knisja fid-diversi ministeri li hi tafdalna f\u2019idejna fi \u017cminijiet u postijiet differenti.<\/p>\n\n\n\n<p>L-ideal tag\u0127na b\u0127ala Agostinjani kien imfassal minn <a href=\"https:\/\/agostinjani.org\/mt\/min-ahna\/spiritwalita\/santu-wistin\/\" data-type=\"page\" data-id=\"6652\">Santu Wistin<\/a>, li wara l-konver\u017cjoni tieg\u0127u xtaq li jg\u0127ix il-fidi f\u2019komunjoni ma\u2019 o\u0127rajn, fejn \u0127add ma jkollu xejn tieg\u0127u i\u017cda kollox jinqasam bejn l-a\u0127wa skont il-\u0127tie\u0121a ta\u2019 kull wie\u0127ed. G\u0127al dan il-g\u0127an huwa waqqaf monasteri ta\u2019 r\u0121iel u nisa. Kiteb ukoll <a href=\"https:\/\/agostinjani.org\/mt\/min-ahna\/spiritwalita\/regola-ta-santu-wistin\/\" data-type=\"page\" data-id=\"6655\">Regola <\/a>g\u0127al dawn il-qaddejja ta\u2019 Alla u fiha \u0121abar il-prin\u010bipji fundamentali tal-\u0127ajja tag\u0127na sabiex inkunu nistg\u0127u ng\u0127ixu l-Evan\u0121elju fuq l-istil tal-ewwel komunit\u00e0 ta\u2019 \u0120erusalemm, hekk kif insibu fl-Atti tal-Appostli (2, 4-5):<\/p>\n\n\n\n<blockquote class=\"wp-block-quote is-layout-flow wp-block-quote-is-layout-flow\">\n<p>\u201cDawk kollha li kienu jemmnu kienu \u0127a\u0121a wa\u0127da, u kienu jaqsmu kollox bejniethom, ibig\u0127u \u0121idhom u kulma kellhom u jqassmu d-d\u0127ul bejn kul\u0127add, skont il-\u0127tie\u0121a ta\u2019 kull wie\u0127ed. U kuljum kienu jmorru fit-tempju flimkien, jaqsmu l-\u0127ob\u017c fi djarhom, u jissie\u0127bu fl-ikel bi qlub fer\u0127ana u safja.\u201d<\/p>\n<\/blockquote>\n\n\n\n<div class=\"wp-block-cover alignfull\" style=\"margin-top:var(--wp--preset--spacing--60);margin-bottom:var(--wp--preset--spacing--60)\"><span aria-hidden=\"true\" class=\"wp-block-cover__background has-ast-global-color-3-background-color has-background-dim\"><\/span><img data-recalc-dims=\"1\" loading=\"lazy\" decoding=\"async\" width=\"1742\" height=\"795\" class=\"wp-block-cover__image-background wp-image-6947\" alt=\"\" src=\"https:\/\/i0.wp.com\/agostinjani.org\/wp-content\/uploads\/2024\/07\/roccamaps.png?resize=1742%2C795&#038;ssl=1\" data-object-fit=\"cover\" srcset=\"https:\/\/i0.wp.com\/agostinjani.org\/wp-content\/uploads\/2024\/07\/roccamaps.png?w=1742&amp;ssl=1 1742w, https:\/\/i0.wp.com\/agostinjani.org\/wp-content\/uploads\/2024\/07\/roccamaps.png?resize=900%2C411&amp;ssl=1 900w, https:\/\/i0.wp.com\/agostinjani.org\/wp-content\/uploads\/2024\/07\/roccamaps.png?resize=1200%2C548&amp;ssl=1 1200w, https:\/\/i0.wp.com\/agostinjani.org\/wp-content\/uploads\/2024\/07\/roccamaps.png?resize=768%2C350&amp;ssl=1 768w, https:\/\/i0.wp.com\/agostinjani.org\/wp-content\/uploads\/2024\/07\/roccamaps.png?resize=1536%2C701&amp;ssl=1 1536w\" sizes=\"(max-width: 1000px) 100vw, 1000px\" \/><div class=\"wp-block-cover__inner-container is-layout-constrained wp-block-cover-is-layout-constrained\">\n<h2 class=\"wp-block-heading has-text-align-center has-large-font-size\"><strong>L-Istorja tal-Ordni<\/strong><\/h2>\n<\/div><\/div>\n\n\n\n<p>Fis-seklu XIII, \u017cmien ta\u2019 taqlib u tibdiliet kbar fil-Knisja u fis-so\u010bjet\u00e0, fil-foresti tal-Italja \u010bentrali kienu jg\u0127ixu diversi eremiti, \u0127afna drabi f\u2019komunitajiet \u017cg\u0127ar u f\u2019\u0127ajja ta\u2019 penitenza u kontemplazzjoni, mhux nieqsa minn impenn b\u2019risq il-poplu ta\u2019 Alla.<\/p>\n\n\n\n<div class=\"wp-block-media-text has-media-on-the-right is-stacked-on-mobile\" style=\"margin-bottom:var(--wp--preset--spacing--40)\"><div class=\"wp-block-media-text__content\">\n<p>Dawn l-a\u0127wa xtaqu jag\u0127tu aktar sehem fil-\u0127idma tal-Knisja. Erbg\u0127a minnhom esponew l-istil ta\u2019 \u0127ajjithom lill-Papa. Fl-1244 il-Papa Inno\u010benz IV \u0121abarhom flimkien u tahom ir-Regola ta\u2019 Santu Wistin, skont ix-xewqa tag\u0127hom. Hekk twaqqaf l-Ordni tal-A\u0127wa Eremiti ta\u2019 Santu Wistin. Sa mill-bidu, flimkien mal-ispirtu kontemplattiv u komunitarju, dawn ir-reli\u0121ju\u017ci ng\u0127ataw g\u0127all-istudju u l-\u0127idma appostolika.Fl-1256 il-Papa Alessandru IV g\u0127aqqad mal-grupp ewlieni diversi gruppi o\u0127rajn u ried li l-Agostinjani jie\u0127du stil ta\u2019 \u0127ajja ta\u2019 ordni mendikanti. Dawn l-ordnijiet mendikanti kienu jibba\u017caw il-\u0127ajja tag\u0127hom fuq il-valur tal-faqar komunitarju u personali, kienu jiddependu mill-karit\u00e0 u organizzati fi struttura \u010bentralizzata.<\/p>\n<\/div><figure class=\"wp-block-media-text__media\"><img data-recalc-dims=\"1\" loading=\"lazy\" decoding=\"async\" width=\"1073\" height=\"693\" src=\"https:\/\/i0.wp.com\/agostinjani.org\/wp-content\/uploads\/2024\/07\/orderbullarium.png?resize=1073%2C693&#038;ssl=1\" alt=\"\" class=\"wp-image-6950 size-full\" srcset=\"https:\/\/i0.wp.com\/agostinjani.org\/wp-content\/uploads\/2024\/07\/orderbullarium.png?w=1073&amp;ssl=1 1073w, https:\/\/i0.wp.com\/agostinjani.org\/wp-content\/uploads\/2024\/07\/orderbullarium.png?resize=900%2C581&amp;ssl=1 900w, https:\/\/i0.wp.com\/agostinjani.org\/wp-content\/uploads\/2024\/07\/orderbullarium.png?resize=768%2C496&amp;ssl=1 768w\" sizes=\"(max-width: 1000px) 100vw, 1000px\" \/><\/figure><\/div>\n\n\n\n<p>G\u0127alhekk, flimkien mar-Regola ta\u2019 Santu Wistin, li hija l-mappa li fuqha nippruvaw ng\u0127ixu l-Evan\u0121elju, in\u0127addnu wkoll l-g\u0127ajxien tal-Kostituzzjonijiet: normi ta\u2019 \u0127ajja li jaddattaw l-ideal Agostinjan g\u0127a\u017c-\u017cminijiet u kulturi differenti skont it-tradizzjoni tal-Ordni.<\/p>\n\n\n\n<div class=\"wp-block-media-text is-stacked-on-mobile\"><figure class=\"wp-block-media-text__media\"><img data-recalc-dims=\"1\" loading=\"lazy\" decoding=\"async\" width=\"1200\" height=\"903\" src=\"https:\/\/i0.wp.com\/agostinjani.org\/wp-content\/uploads\/2024\/07\/WhatsApp-Image-2024-06-27-at-13.32.44.jpeg?resize=1200%2C903&#038;ssl=1\" alt=\"\" class=\"wp-image-6958 size-full\" srcset=\"https:\/\/i0.wp.com\/agostinjani.org\/wp-content\/uploads\/2024\/07\/WhatsApp-Image-2024-06-27-at-13.32.44.jpeg?resize=1200%2C903&amp;ssl=1 1200w, https:\/\/i0.wp.com\/agostinjani.org\/wp-content\/uploads\/2024\/07\/WhatsApp-Image-2024-06-27-at-13.32.44.jpeg?resize=900%2C677&amp;ssl=1 900w, https:\/\/i0.wp.com\/agostinjani.org\/wp-content\/uploads\/2024\/07\/WhatsApp-Image-2024-06-27-at-13.32.44.jpeg?resize=768%2C578&amp;ssl=1 768w, https:\/\/i0.wp.com\/agostinjani.org\/wp-content\/uploads\/2024\/07\/WhatsApp-Image-2024-06-27-at-13.32.44.jpeg?w=1280&amp;ssl=1 1280w\" sizes=\"(max-width: 1000px) 100vw, 1000px\" \/><\/figure><div class=\"wp-block-media-text__content\">\n<p>Mis-seklu XIII &#8216;l quddiem l-Ordni ta\u2019 Santu Wistin kompla jikber u jinfirex mad-dinja kollha. Illum jinsab f\u2019aktar minn 40 pajji\u017c differenti fil-kontinenti kollha u jg\u0127odd madwar 2,800 reli\u0121ju\u017c. Ma\u2019 dawn, jag\u0127mlu parti mill-familja kbira Agostinjana hemm ukoll is-Sorijiet Agostinjani ta\u2019 \u0127ajja kontemplattiva, is-Sorijiet Agostinjani ta\u2019 \u0127ajja attiva u l-Laj\u010bi Agostinjani li jimpennjaw ru\u0127hom li jg\u0127ixu l-valuri u l-ispiritwalit\u00e0 Agostinjana fl-ambjenti fejn jg\u0127ixu u ja\u0127dmu.<\/p>\n<\/div><\/div>\n\n\n\n<div class=\"wp-block-media-text has-media-on-the-right is-stacked-on-mobile\" style=\"margin-bottom:var(--wp--preset--spacing--60);grid-template-columns:auto 25%\"><div class=\"wp-block-media-text__content\">\n<p>Wara isimna n\u0121ibu l-inizjali O.S.A. (Ordinis Sancti Augustini) g\u0127aliex l-isem uffi\u010b\u010bjali tag\u0127na huwa Ordni ta\u2019 Santu Wistin. L-arma tal-Ordni, simbolu tag\u0127na li fih mi\u0121bur l-essenzjal tal-ispirtu ta\u2019 Santu Wistin, hija mag\u0127mula minn qalb im\u0127e\u0121\u0121a minfuda mill-vle\u0121\u0121a tal-im\u0127abba fuq sfond ta\u2019 ktieb miftu\u0127 li jirrappre\u017centa l-Kelma ta\u2019 Alla. Il-libsa reli\u0121ju\u017ca tag\u0127na, sinjal tal-konsagrazzjoni u l-appartenenza tag\u0127na fl-Ordni, hija mag\u0127mula minn tunika sewda (jew bajda) b\u2019kapo\u010b\u010b u \u010bintura tal-\u0121ild b\u0127ala \u0127\u017ciem.<\/p>\n<\/div><figure class=\"wp-block-media-text__media\"><img data-recalc-dims=\"1\" loading=\"lazy\" decoding=\"async\" width=\"1171\" height=\"1200\" src=\"https:\/\/i0.wp.com\/agostinjani.org\/wp-content\/uploads\/2024\/07\/2a4f913b-27b7-47ac-a637-8a40a1dbe7ba-94a3cd9-1.webp?resize=1171%2C1200&#038;ssl=1\" alt=\"\" class=\"wp-image-6956 size-full\" srcset=\"https:\/\/i0.wp.com\/agostinjani.org\/wp-content\/uploads\/2024\/07\/2a4f913b-27b7-47ac-a637-8a40a1dbe7ba-94a3cd9-1.webp?resize=1171%2C1200&amp;ssl=1 1171w, https:\/\/i0.wp.com\/agostinjani.org\/wp-content\/uploads\/2024\/07\/2a4f913b-27b7-47ac-a637-8a40a1dbe7ba-94a3cd9-1.webp?resize=878%2C900&amp;ssl=1 878w, https:\/\/i0.wp.com\/agostinjani.org\/wp-content\/uploads\/2024\/07\/2a4f913b-27b7-47ac-a637-8a40a1dbe7ba-94a3cd9-1.webp?resize=768%2C787&amp;ssl=1 768w, https:\/\/i0.wp.com\/agostinjani.org\/wp-content\/uploads\/2024\/07\/2a4f913b-27b7-47ac-a637-8a40a1dbe7ba-94a3cd9-1.webp?w=1200&amp;ssl=1 1200w\" sizes=\"(max-width: 1000px) 100vw, 1000px\" \/><\/figure><\/div>\n\n\n\n<div class=\"wp-block-buttons is-content-justification-center is-layout-flex wp-container-core-buttons-is-layout-ae349587 wp-block-buttons-is-layout-flex\" style=\"margin-bottom:var(--wp--preset--spacing--70)\">\n<div class=\"wp-block-button has-custom-font-size has-medium-font-size\"><a class=\"wp-block-button__link has-ast-global-color-5-color has-ast-global-color-2-background-color has-text-color has-background has-link-color wp-element-button\" href=\"https:\/\/agostinjani.org\/mt\/min-ahna\/il-provincja-maltija\/\"><strong>Il-Provin\u010bja Agostinjana Maltija<\/strong><\/a><\/div>\n<\/div>\n","protected":false},"excerpt":{"rendered":"<p>L-G\u0127an tal-Ordni Agostinjan L-g\u0127an tal-Ordni Agostinjan (OSA) jikkonsisti li, f\u2019g\u0127aqda fraterna u ta\u2019 \u0127biberija spiritwali, infittxu u nfa\u0127\u0127ru lil Alla u na\u0127dmu g\u0127as-servizz tal-poplu tieg\u0127u. B\u2019dan il-mod, a\u0127na naqsmu mal-\u0127idma ta\u2019 evan\u0121elizzazzjoni tal-Knisja biex twassal il-Bxara t-Tajba lid-dinja kollha biex inkunu nistg\u0127u nittrasformaw id-dinja minn \u0121ewwa. Din hija x-xhieda tag\u0127na. (cf Kostituzzjonijiet OSA 13) G\u0127alhekk, li nkunu nies mimlija b\u2019Alla, mimlija dawl, mimlija fer\u0127. B\u0127al Wistin\u2026 Mulej, a\u0127na rridu nibqg\u0127u [&hellip;]<\/p>\n","protected":false},"author":1,"featured_media":0,"parent":6664,"menu_order":0,"comment_status":"closed","ping_status":"closed","template":"","meta":{"_uag_custom_page_level_css":"","site-sidebar-layout":"default","site-content-layout":"","ast-site-content-layout":"default","site-content-style":"default","site-sidebar-style":"default","ast-global-header-display":"","ast-banner-title-visibility":"","ast-main-header-display":"","ast-hfb-above-header-display":"","ast-hfb-below-header-display":"","ast-hfb-mobile-header-display":"","site-post-title":"disabled","ast-breadcrumbs-content":"","ast-featured-img":"","footer-sml-layout":"","ast-disable-related-posts":"","theme-transparent-header-meta":"","adv-header-id-meta":"","stick-header-meta":"","header-above-stick-meta":"","header-main-stick-meta":"","header-below-stick-meta":"","astra-migrate-meta-layouts":"default","ast-page-background-enabled":"default","ast-page-background-meta":{"desktop":{"background-color":"var(--ast-global-color-4)","background-image":"","background-repeat":"repeat","background-position":"center center","background-size":"auto","background-attachment":"scroll","background-type":"","background-media":"","overlay-type":"","overlay-color":"","overlay-opacity":"","overlay-gradient":""},"tablet":{"background-color":"","background-image":"","background-repeat":"repeat","background-position":"center center","background-size":"auto","background-attachment":"scroll","background-type":"","background-media":"","overlay-type":"","overlay-color":"","overlay-opacity":"","overlay-gradient":""},"mobile":{"background-color":"","background-image":"","background-repeat":"repeat","background-position":"center center","background-size":"auto","background-attachment":"scroll","background-type":"","background-media":"","overlay-type":"","overlay-color":"","overlay-opacity":"","overlay-gradient":""}},"ast-content-background-meta":{"desktop":{"background-color":"var(--ast-global-color-5)","background-image":"","background-repeat":"repeat","background-position":"center center","background-size":"auto","background-attachment":"scroll","background-type":"","background-media":"","overlay-type":"","overlay-color":"","overlay-opacity":"","overlay-gradient":""},"tablet":{"background-color":"var(--ast-global-color-5)","background-image":"","background-repeat":"repeat","background-position":"center center","background-size":"auto","background-attachment":"scroll","background-type":"","background-media":"","overlay-type":"","overlay-color":"","overlay-opacity":"","overlay-gradient":""},"mobile":{"background-color":"var(--ast-global-color-5)","background-image":"","background-repeat":"repeat","background-position":"center center","background-size":"auto","background-attachment":"scroll","background-type":"","background-media":"","overlay-type":"","overlay-color":"","overlay-opacity":"","overlay-gradient":""}},"footnotes":""},"class_list":["post-6982","page","type-page","status-publish","hentry"],"uagb_featured_image_src":{"full":false,"thumbnail":false,"medium":false,"medium_large":false,"large":false,"1536x1536":false,"2048x2048":false,"gform-image-choice-sm":false,"gform-image-choice-md":false,"gform-image-choice-lg":false},"uagb_author_info":{"display_name":"admin","author_link":"https:\/\/agostinjani.org\/mt\/author\/techit\/"},"uagb_comment_info":0,"uagb_excerpt":"L-G\u0127an tal-Ordni Agostinjan L-g\u0127an tal-Ordni Agostinjan (OSA) jikkonsisti li, f\u2019g\u0127aqda fraterna u ta\u2019 \u0127biberija spiritwali, infittxu u nfa\u0127\u0127ru lil Alla u na\u0127dmu g\u0127as-servizz tal-poplu tieg\u0127u. B\u2019dan il-mod, a\u0127na naqsmu mal-\u0127idma ta\u2019 evan\u0121elizzazzjoni tal-Knisja biex twassal il-Bxara t-Tajba lid-dinja kollha biex inkunu nistg\u0127u nittrasformaw id-dinja minn \u0121ewwa. Din hija x-xhieda tag\u0127na. (cf Kostituzzjonijiet OSA 13) G\u0127alhekk,&hellip;","_links":{"self":[{"href":"https:\/\/agostinjani.org\/mt\/wp-json\/wp\/v2\/pages\/6982","targetHints":{"allow":["GET"]}}],"collection":[{"href":"https:\/\/agostinjani.org\/mt\/wp-json\/wp\/v2\/pages"}],"about":[{"href":"https:\/\/agostinjani.org\/mt\/wp-json\/wp\/v2\/types\/page"}],"author":[{"embeddable":true,"href":"https:\/\/agostinjani.org\/mt\/wp-json\/wp\/v2\/users\/1"}],"replies":[{"embeddable":true,"href":"https:\/\/agostinjani.org\/mt\/wp-json\/wp\/v2\/comments?post=6982"}],"version-history":[{"count":4,"href":"https:\/\/agostinjani.org\/mt\/wp-json\/wp\/v2\/pages\/6982\/revisions"}],"predecessor-version":[{"id":7120,"href":"https:\/\/agostinjani.org\/mt\/wp-json\/wp\/v2\/pages\/6982\/revisions\/7120"}],"up":[{"embeddable":true,"href":"https:\/\/agostinjani.org\/mt\/wp-json\/wp\/v2\/pages\/6664"}],"wp:attachment":[{"href":"https:\/\/agostinjani.org\/mt\/wp-json\/wp\/v2\/media?parent=6982"}],"curies":[{"name":"wp","href":"https:\/\/api.w.org\/{rel}","templated":true}]}}