{"id":6664,"date":"2024-03-21T15:40:40","date_gmt":"2024-03-21T14:40:40","guid":{"rendered":"https:\/\/dev.agostinjani.org\/?page_id=6664"},"modified":"2024-07-09T14:30:27","modified_gmt":"2024-07-09T12:30:27","slug":"min-ahna","status":"publish","type":"page","link":"https:\/\/agostinjani.org\/mt\/min-ahna\/","title":{"rendered":"Min a\u0127na"},"content":{"rendered":"\n<div class=\"wp-block-uagb-container uagb-block-b531db23 alignfull uagb-is-root-container\"><div class=\"uagb-container-inner-blocks-wrap\">\n<div class=\"wp-block-uagb-container uagb-block-2a19eeea\">\n<div class=\"wp-block-uagb-info-box uagb-block-ab690d84 uagb-infobox__content-wrap  uagb-infobox_cta-type-all uagb-infobox-icon-above-title uagb-infobox-image-valign-top\"><a href=\"https:\/\/agostinjani.org\/who-we-are\/the-augustinian-order\/\" class=\"uagb-infobox-link-wrap uagb-infbox__link-to-all\" target=\"_self\" aria-label=\"Infobox Link\" rel=\"noopener noreferrer\" onclick=\"return true;\"><\/a><div class=\"uagb-ifb-content\"><div class=\"uagb-ifb-image-content\"><img data-recalc-dims=\"1\" decoding=\"async\" src=\"https:\/\/i0.wp.com\/agostinjani.org\/wp-content\/uploads\/2024\/03\/Tri1.jpeg?h=0&#038;ssl=1\" alt=\"\"   loading=\"lazy\"\/><\/div><div class=\"uagb-ifb-title-wrap\"><h3 class=\"uagb-ifb-title\">L-Ordni Agostinjan<\/h3><\/div><p class=\"uagb-ifb-desc\">L-Ordni Agostinjan jikkonsisti f\u2019g\u0127aqda fraterna u ta\u2019 \u0127biberija spiritwali, fejn infittxu u nfa\u0127\u0127ru lil Alla u na\u0127dmu g\u0127as-servizz tal-poplu tieg\u0127u. B\u2019dan il-mod, nkunu nies mimlija b\u2019Alla, mimlija dawl, mimlija fer\u0127.\u00a0<\/p><div class=\"uagb-ifb-button-wrapper wp-block-button\"><\/div><\/div><\/div>\n\n\n\n<div class=\"wp-block-uagb-buttons uagb-buttons__outer-wrap uagb-btn__default-btn uagb-btn-tablet__default-btn uagb-btn-mobile__default-btn uagb-block-64f3d03c\"><div class=\"uagb-buttons__wrap uagb-buttons-layout-wrap\">\n<div class=\"wp-block-uagb-buttons-child uagb-buttons__outer-wrap uagb-block-ffec2df4 wp-block-button\"><div class=\"uagb-button__wrapper\"><a class=\"uagb-buttons-repeater wp-block-button__link\" href=\"https:\/\/agostinjani.org\/who-we-are\/the-augustinian-order\/\" onclick=\"return true;\" rel=\"follow noopener\" target=\"_self\"><div class=\"uagb-button__link\">Dwar l-Ordni<\/div><span class=\"uagb-button__icon uagb-button__icon-position-after\"><svg xmlns=\"https:\/\/www.w3.org\/2000\/svg\" viewBox=\"0 0 448 512\"><path d=\"M438.6 278.6l-160 160C272.4 444.9 264.2 448 256 448s-16.38-3.125-22.62-9.375c-12.5-12.5-12.5-32.75 0-45.25L338.8 288H32C14.33 288 .0016 273.7 .0016 256S14.33 224 32 224h306.8l-105.4-105.4c-12.5-12.5-12.5-32.75 0-45.25s32.75-12.5 45.25 0l160 160C451.1 245.9 451.1 266.1 438.6 278.6z\"><\/path><\/svg><\/span><\/a><\/div><\/div>\n<\/div><\/div>\n<\/div>\n\n\n\n<div class=\"wp-block-uagb-container uagb-block-a02d2853\">\n<div class=\"wp-block-uagb-info-box uagb-block-b408e289 uagb-infobox__content-wrap  uagb-infobox_cta-type-all uagb-infobox-icon-above-title uagb-infobox-image-valign-top\"><a href=\"https:\/\/agostinjani.org\/who-we-are\/spirituality\/\" class=\"uagb-infobox-link-wrap uagb-infbox__link-to-all\" target=\"_self\" aria-label=\"Infobox Link\" rel=\"noopener noreferrer\" onclick=\"return true;\"><\/a><div class=\"uagb-ifb-content\"><div class=\"uagb-ifb-image-content\"><img data-recalc-dims=\"1\" decoding=\"async\" src=\"https:\/\/i0.wp.com\/agostinjani.org\/wp-content\/uploads\/2024\/03\/Tri2.jpeg?h=0&#038;ssl=1\" alt=\"\"   loading=\"lazy\"\/><\/div><div class=\"uagb-ifb-title-wrap\"><h3 class=\"uagb-ifb-title\">Spiritwalit\u00e0<\/h3><\/div><p class=\"uagb-ifb-desc\">\u00a0L-ispiritwalit\u00e0 tal-Ordni ta\u2019 Santu Wistin tista\u2019 tixxebbah ma\u2019 si\u0121ra kbira li l-g\u0127eruq tag\u0127ha  jiksbu l-\u0127ajja minn tlett nixxig\u0127at: il-moviment eremitiku, il-\u0127ajja reli\u0121ju\u017ca mendikanti, l-esperjenza ta\u2019 Santu Wistin.<\/p><div class=\"uagb-ifb-button-wrapper wp-block-button\"><\/div><\/div><\/div>\n\n\n\n<div class=\"wp-block-uagb-buttons uagb-buttons__outer-wrap uagb-btn__default-btn uagb-btn-tablet__default-btn uagb-btn-mobile__default-btn uagb-block-5ce5480e\"><div class=\"uagb-buttons__wrap uagb-buttons-layout-wrap\">\n<div class=\"wp-block-uagb-buttons-child uagb-buttons__outer-wrap uagb-block-34bb7ad5 wp-block-button\"><div class=\"uagb-button__wrapper\"><a class=\"uagb-buttons-repeater wp-block-button__link\" href=\"https:\/\/agostinjani.org\/who-we-are\/spirituality\/\" onclick=\"return true;\" rel=\"follow noopener\" target=\"_self\"><div class=\"uagb-button__link\">Skopri l-ispiritwalit\u00e0 tag\u0127na<\/div><span class=\"uagb-button__icon uagb-button__icon-position-after\"><svg xmlns=\"https:\/\/www.w3.org\/2000\/svg\" viewBox=\"0 0 448 512\"><path d=\"M438.6 278.6l-160 160C272.4 444.9 264.2 448 256 448s-16.38-3.125-22.62-9.375c-12.5-12.5-12.5-32.75 0-45.25L338.8 288H32C14.33 288 .0016 273.7 .0016 256S14.33 224 32 224h306.8l-105.4-105.4c-12.5-12.5-12.5-32.75 0-45.25s32.75-12.5 45.25 0l160 160C451.1 245.9 451.1 266.1 438.6 278.6z\"><\/path><\/svg><\/span><\/a><\/div><\/div>\n<\/div><\/div>\n<\/div>\n\n\n\n<div class=\"wp-block-uagb-container uagb-block-05560407\">\n<div class=\"wp-block-uagb-info-box uagb-block-63075021 uagb-infobox__content-wrap  uagb-infobox_cta-type-all uagb-infobox-icon-above-title uagb-infobox-image-valign-top\"><a href=\"https:\/\/agostinjani.org\/who-we-are\/the-maltese-province\/\" class=\"uagb-infobox-link-wrap uagb-infbox__link-to-all\" target=\"_self\" aria-label=\"Infobox Link\" rel=\"noopener noreferrer\" onclick=\"return true;\"><\/a><div class=\"uagb-ifb-content\"><div class=\"uagb-ifb-image-content\"><img data-recalc-dims=\"1\" decoding=\"async\" src=\"https:\/\/i0.wp.com\/agostinjani.org\/wp-content\/uploads\/2024\/03\/Tri3.jpeg?h=0&#038;ssl=1\" alt=\"\"   loading=\"lazy\"\/><\/div><div class=\"uagb-ifb-title-wrap\"><h3 class=\"uagb-ifb-title\">Il-Provin\u010bja Maltija<\/h3><\/div><p class=\"uagb-ifb-desc\">L-Agostinjani \u0121ew Malta lejn l-a\u0127\u0127ar tas-seklu 14 u matul dawn is-600 sena iddedikaw ru\u0127hom f&#8217;bosta oqsma g\u0127all-\u0121id tal-poplu f&#8217;kull \u017cmien u sitwazzjoni so\u010bjali.<\/p><div class=\"uagb-ifb-button-wrapper wp-block-button\"><\/div><\/div><\/div>\n\n\n\n<div class=\"wp-block-uagb-buttons uagb-buttons__outer-wrap uagb-btn__default-btn uagb-btn-tablet__default-btn uagb-btn-mobile__default-btn uagb-block-2cd4690e\"><div class=\"uagb-buttons__wrap uagb-buttons-layout-wrap\">\n<div class=\"wp-block-uagb-buttons-child uagb-buttons__outer-wrap uagb-block-d5b88da0 wp-block-button\"><div class=\"uagb-button__wrapper\"><a class=\"uagb-buttons-repeater wp-block-button__link\" href=\"https:\/\/agostinjani.org\/who-we-are\/the-maltese-province\/\" onclick=\"return true;\" rel=\"follow noopener\" target=\"_self\"><div class=\"uagb-button__link\">L-Agostinjani f&#8217;Malta<\/div><span class=\"uagb-button__icon uagb-button__icon-position-after\"><svg xmlns=\"https:\/\/www.w3.org\/2000\/svg\" viewBox=\"0 0 448 512\"><path d=\"M438.6 278.6l-160 160C272.4 444.9 264.2 448 256 448s-16.38-3.125-22.62-9.375c-12.5-12.5-12.5-32.75 0-45.25L338.8 288H32C14.33 288 .0016 273.7 .0016 256S14.33 224 32 224h306.8l-105.4-105.4c-12.5-12.5-12.5-32.75 0-45.25s32.75-12.5 45.25 0l160 160C451.1 245.9 451.1 266.1 438.6 278.6z\"><\/path><\/svg><\/span><\/a><\/div><\/div>\n<\/div><\/div>\n<\/div>\n<\/div><\/div>\n\n\n\n<div style=\"height:60px\" aria-hidden=\"true\" class=\"wp-block-spacer\"><\/div>\n\n\n\n<h3 class=\"wp-block-heading\">Riflessjonijiet minn Patrijiet Agostinjani<\/h3>\n\n\n<div class=\"wpv-view-output\" data-toolset-views-view-editor=\"0ec6a50382128aead1c4ecc928e9db3f\"><div class=\"wp-block-toolset-views-view-editor\"><div id=\"wpv-view-layout-5921\" class=\"js-wpv-view-layout js-wpv-layout-responsive js-wpv-view-layout-5921\" data-viewnumber=\"5921\" data-pagination=\"{&quot;id&quot;:5921,&quot;query&quot;:&quot;normal&quot;,&quot;type&quot;:&quot;disabled&quot;,&quot;effect&quot;:&quot;fade&quot;,&quot;duration&quot;:500,&quot;speed&quot;:5,&quot;pause_on_hover&quot;:&quot;enabled&quot;,&quot;stop_rollover&quot;:&quot;false&quot;,&quot;cache_pages&quot;:&quot;enabled&quot;,&quot;preload_images&quot;:&quot;enabled&quot;,&quot;preload_pages&quot;:&quot;enabled&quot;,&quot;preload_reach&quot;:1,&quot;spinner&quot;:&quot;builtin&quot;,&quot;spinner_image&quot;:&quot;https:\/\/agostinjani.org\/wp-content\/plugins\/toolset-blocks\/embedded\/res\/img\/ajax-loader.gif&quot;,&quot;callback_next&quot;:&quot;&quot;,&quot;manage_history&quot;:&quot;enabled&quot;,&quot;has_controls_in_form&quot;:&quot;disabled&quot;,&quot;infinite_tolerance&quot;:&quot;0&quot;,&quot;max_pages&quot;:1,&quot;page&quot;:1,&quot;base_permalink&quot;:&quot;\/mt\/wp-json\/wp\/v2\/pages\/6664?wpv_view_count=5921&amp;wpv_paged=WPV_PAGE_NUM&quot;,&quot;loop&quot;:{&quot;type&quot;:&quot;&quot;,&quot;name&quot;:&quot;&quot;,&quot;data&quot;:[],&quot;id&quot;:0}}\" data-permalink=\"\/mt\/wp-json\/wp\/v2\/pages\/6664?wpv_view_count=5921\">\n\n<div class=\"js-wpv-loop-wrapper\"><div class=\"tb-grid\"><div class=\"tb-grid-column\">\n\n<div class=\"wp-block-toolset-views-view-template-block wpv-block-loop-item php-to-be-replaced-with-shortcode\" data-toolset-views-view-template-block=\"a8625b09f71b29b6838c13d66bf1e616\">\n<figure class=\"wp-block-image tb-image tb-image-dynamic tb-image-frame-none\" data-toolset-blocks-image=\"700bada4f16a478d929d83b6d31aeb62\"><img decoding=\"async\" loading=\"lazy\" src=\"https:\/\/i0.wp.com\/agostinjani.org\/wp-content\/uploads\/2022\/03\/walk_conversion.jpg?fit=800%2C450&ssl=1\" alt=\"\" class=\"\"><\/figure>\n\n\n\n<h4 class=\"tb-heading\" data-toolset-blocks-heading=\"b293203560ba3031d5c7d70f70454942\" data-last-update=\"1.4\"><a href=\"https:\/\/agostinjani.org\/mt\/riflessjonijiet-u-artikli\/lucjan-borg-mt\/ir-raguni-u-l-fidi\/\">Ir-ra\u0121uni u l-fidi fil-bini tal-personalit\u00e0 umana<\/a><\/h4>\n\n\n\n<p class=\"has-text-align-center\" style=\"margin-bottom:var(--wp--preset--spacing--30)\">Author: <a href=\"https:\/\/agostinjani.org\/mt\/fr-lucjan-borg-osa\/\">Lucjan Borg osa<\/a><\/p>\n<\/div>\n\n<\/div><div class=\"tb-grid-column\">\n\n<div class=\"wp-block-toolset-views-view-template-block wpv-block-loop-item php-to-be-replaced-with-shortcode\" data-toolset-views-view-template-block=\"a8625b09f71b29b6838c13d66bf1e616\">\n<figure class=\"wp-block-image tb-image tb-image-dynamic tb-image-frame-none\" data-toolset-blocks-image=\"700bada4f16a478d929d83b6d31aeb62\"><img decoding=\"async\" loading=\"lazy\" src=\"https:\/\/i0.wp.com\/agostinjani.org\/wp-content\/uploads\/2021\/04\/20210425_-_shepherd.jpg?fit=800%2C450&ssl=1\" alt=\"\" class=\"\"><\/figure>\n\n\n\n<h4 class=\"tb-heading\" data-toolset-blocks-heading=\"b293203560ba3031d5c7d70f70454942\" data-last-update=\"1.4\"><a href=\"https:\/\/agostinjani.org\/mt\/riflessjonijiet-u-artikli\/ray-francalanza-riflessjonijiet-u-artikli\/riflessjoni-tal-provincjal-fl-okkazjoni-tal-50-sena-mill-ordinazzjoni-ta-patri-lucjan-borg-osa-2\/\">Riflessjoni tal-Provin\u010bjal fl-okkazjoni tal-50 sena mill-Ordinazzjoni ta\u2019 Patri Lucjan Borg OSA<\/a><\/h4>\n\n\n\n<p class=\"has-text-align-center\" style=\"margin-bottom:var(--wp--preset--spacing--30)\">Author: <a href=\"https:\/\/agostinjani.org\/mt\/fr-raymond-francalanza-osa\/\">Ray Francalanza osa<\/a><\/p>\n<\/div>\n\n<\/div><div class=\"tb-grid-column\">\n\n<div class=\"wp-block-toolset-views-view-template-block wpv-block-loop-item php-to-be-replaced-with-shortcode\" data-toolset-views-view-template-block=\"a8625b09f71b29b6838c13d66bf1e616\">\n<figure class=\"wp-block-image tb-image tb-image-dynamic tb-image-frame-none\" data-toolset-blocks-image=\"700bada4f16a478d929d83b6d31aeb62\"><img decoding=\"async\" loading=\"lazy\" src=\"https:\/\/i0.wp.com\/agostinjani.org\/wp-content\/uploads\/2020\/03\/blinds-201173_1920.jpg?fit=400%2C266&ssl=1\" alt=\"\" class=\"\"><\/figure>\n\n\n\n<h4 class=\"tb-heading\" data-toolset-blocks-heading=\"b293203560ba3031d5c7d70f70454942\" data-last-update=\"1.4\"><a href=\"https:\/\/agostinjani.org\/mt\/riflessjonijiet-u-artikli\/josef-sciberras-mt\/la-liberta-negata-gli-agostiniani-a-malta-durante-l-occupazione-francese-1798-1801\/\">La liberta negata. Gli Agostiniani a Malta durante l&#8217;Occupazione Francese (1798-1800) (2)<\/a><\/h4>\n\n\n\n<p class=\"has-text-align-center\" style=\"margin-bottom:var(--wp--preset--spacing--30)\">Author: <a href=\"https:\/\/agostinjani.org\/mt\/fr-josef-sciberras-osa\/\">Josef Sciberras osa<\/a><\/p>\n<\/div>\n\n<\/div><div class=\"tb-grid-column\">\n\n<div class=\"wp-block-toolset-views-view-template-block wpv-block-loop-item php-to-be-replaced-with-shortcode\" data-toolset-views-view-template-block=\"a8625b09f71b29b6838c13d66bf1e616\">\n<figure class=\"wp-block-image tb-image tb-image-dynamic tb-image-frame-none\" data-toolset-blocks-image=\"700bada4f16a478d929d83b6d31aeb62\"><img decoding=\"async\" loading=\"lazy\" src=\"https:\/\/i0.wp.com\/agostinjani.org\/wp-content\/uploads\/2023\/11\/3-Millenium-Chapel-St-Julians-Malta-Photo-Peter-Bartolo-Parnis-FILEminimizer.jpg?fit=1200%2C594&ssl=1\" alt=\"\" class=\"\"><\/figure>\n\n\n\n<h4 class=\"tb-heading\" data-toolset-blocks-heading=\"b293203560ba3031d5c7d70f70454942\" data-last-update=\"1.4\"><a href=\"https:\/\/agostinjani.org\/mt\/riflessjonijiet-u-artikli\/hilary-tagliaferro-riflessjonijiet-u-artikli\/is-sena-tal-hniena-is-sena-tal-kappella-tal-millennju-2\/\">IS-SENA TAL-\u0126NIENA &#8211; IS-SENA TAL-KAPPELLA TAL-MILLENNJU<\/a><\/h4>\n\n\n\n<p class=\"has-text-align-center\" style=\"margin-bottom:var(--wp--preset--spacing--30)\">Author: <a href=\"https:\/\/agostinjani.org\/mt\/fr-hilary-tagliaferro-osa\/\">Hilary Tagliaferro osa<\/a><\/p>\n<\/div>\n\n<\/div><div class=\"tb-grid-column\">\n\n<div class=\"wp-block-toolset-views-view-template-block wpv-block-loop-item php-to-be-replaced-with-shortcode\" data-toolset-views-view-template-block=\"a8625b09f71b29b6838c13d66bf1e616\">\n<figure class=\"wp-block-image tb-image tb-image-dynamic tb-image-frame-none\" data-toolset-blocks-image=\"700bada4f16a478d929d83b6d31aeb62\"><img decoding=\"async\" loading=\"lazy\" src=\"https:\/\/i0.wp.com\/agostinjani.org\/wp-content\/uploads\/2021\/07\/20210718_-_relax.jpg?fit=800%2C450&ssl=1\" alt=\"\" class=\"\"><\/figure>\n\n\n\n<h4 class=\"tb-heading\" data-toolset-blocks-heading=\"b293203560ba3031d5c7d70f70454942\" data-last-update=\"1.4\"><a href=\"https:\/\/agostinjani.org\/mt\/riflessjonijiet-u-artikli\/franco-grech-riflessjonijiet-u-artikli\/hu-hsieb-gismek-daqs-li-kieku-ser-tibqa-tghix-ghal-dejjem-u-hu-hsieb-ruhek-daqs-li-kieku-ser-tmut-ghada-s-wistin\/\">&#8220;\u0126u \u0127sieb \u0121ismek daqs li kieku ser tibqa\u2019 tg\u0127ix g\u0127al dejjem; u \u0127u \u0127sieb ru\u0127ek daqs li kieku ser tmut g\u0127ada&#8221; S. Wistin<\/a><\/h4>\n\n\n\n<p class=\"has-text-align-center\" style=\"margin-bottom:var(--wp--preset--spacing--30)\">Author: <a href=\"https:\/\/agostinjani.org\/mt\/fr-franco-grech-osa\/\">Franco Grech osa<\/a><\/p>\n<\/div>\n\n<\/div><div class=\"tb-grid-column\">\n\n<div class=\"wp-block-toolset-views-view-template-block wpv-block-loop-item php-to-be-replaced-with-shortcode\" data-toolset-views-view-template-block=\"a8625b09f71b29b6838c13d66bf1e616\">\n<figure class=\"wp-block-image tb-image tb-image-dynamic tb-image-frame-none\" data-toolset-blocks-image=\"700bada4f16a478d929d83b6d31aeb62\"><img decoding=\"async\" loading=\"lazy\" src=\"https:\/\/i0.wp.com\/agostinjani.org\/wp-content\/uploads\/2020\/04\/00_spring.jpg?fit=500%2C331&ssl=1\" alt=\"\" class=\"\"><\/figure>\n\n\n\n<h4 class=\"tb-heading\" data-toolset-blocks-heading=\"b293203560ba3031d5c7d70f70454942\" data-last-update=\"1.4\"><a href=\"https:\/\/agostinjani.org\/mt\/riflessjonijiet-u-artikli\/franco-grech-riflessjonijiet-u-artikli\/l-ghid-tifsira-gdida-lil-dak-li-ghaddejjin-minnu-3\/\">L-G\u0127id: Tifsira \u0121dida lil dak li g\u0127addejjin minnu<\/a><\/h4>\n\n\n\n<p class=\"has-text-align-center\" style=\"margin-bottom:var(--wp--preset--spacing--30)\">Author: <a href=\"https:\/\/agostinjani.org\/mt\/fr-franco-grech-osa\/\">Franco Grech osa<\/a><\/p>\n<\/div>\n\n<\/div><\/div><\/div>\n<\/div>   <div style=\"height:30px\" aria-hidden=\"true\" class=\"wp-block-spacer\"><\/div>    <div class=\"wp-block-buttons is-content-justification-center is-layout-flex wp-container-core-buttons-is-layout-a89b3969 wp-block-buttons-is-layout-flex\"> <div class=\"wp-block-button\"><a class=\"wp-block-button__link wp-element-button\" href=\"https:\/\/agostinjani.org\/mt\/who-we-are\/the-maltese-province\/reflections-and-articles\/\">Aqra aktar riflessjonijiet u artikli minn Agostinjani Maltin<\/a><\/div> <\/div>    <div style=\"height:30px\" aria-hidden=\"true\" class=\"wp-block-spacer\"><\/div> <\/div>\n\n<\/div>","protected":false},"excerpt":{"rendered":"<p>Riflessjonijiet minn Patrijiet Agostinjani<\/p>\n","protected":false},"author":1,"featured_media":0,"parent":0,"menu_order":0,"comment_status":"closed","ping_status":"closed","template":"","meta":{"_uag_custom_page_level_css":"","site-sidebar-layout":"default","site-content-layout":"","ast-site-content-layout":"default","site-content-style":"default","site-sidebar-style":"default","ast-global-header-display":"","ast-banner-title-visibility":"","ast-main-header-display":"","ast-hfb-above-header-display":"","ast-hfb-below-header-display":"","ast-hfb-mobile-header-display":"","site-post-title":"","ast-breadcrumbs-content":"","ast-featured-img":"","footer-sml-layout":"","ast-disable-related-posts":"","theme-transparent-header-meta":"","adv-header-id-meta":"","stick-header-meta":"","header-above-stick-meta":"","header-main-stick-meta":"","header-below-stick-meta":"","astra-migrate-meta-layouts":"default","ast-page-background-enabled":"default","ast-page-background-meta":{"desktop":{"background-color":"var(--ast-global-color-4)","background-image":"","background-repeat":"repeat","background-position":"center center","background-size":"auto","background-attachment":"scroll","background-type":"","background-media":"","overlay-type":"","overlay-color":"","overlay-opacity":"","overlay-gradient":""},"tablet":{"background-color":"","background-image":"","background-repeat":"repeat","background-position":"center center","background-size":"auto","background-attachment":"scroll","background-type":"","background-media":"","overlay-type":"","overlay-color":"","overlay-opacity":"","overlay-gradient":""},"mobile":{"background-color":"","background-image":"","background-repeat":"repeat","background-position":"center center","background-size":"auto","background-attachment":"scroll","background-type":"","background-media":"","overlay-type":"","overlay-color":"","overlay-opacity":"","overlay-gradient":""}},"ast-content-background-meta":{"desktop":{"background-color":"var(--ast-global-color-5)","background-image":"","background-repeat":"repeat","background-position":"center center","background-size":"auto","background-attachment":"scroll","background-type":"","background-media":"","overlay-type":"","overlay-color":"","overlay-opacity":"","overlay-gradient":""},"tablet":{"background-color":"var(--ast-global-color-5)","background-image":"","background-repeat":"repeat","background-position":"center center","background-size":"auto","background-attachment":"scroll","background-type":"","background-media":"","overlay-type":"","overlay-color":"","overlay-opacity":"","overlay-gradient":""},"mobile":{"background-color":"var(--ast-global-color-5)","background-image":"","background-repeat":"repeat","background-position":"center center","background-size":"auto","background-attachment":"scroll","background-type":"","background-media":"","overlay-type":"","overlay-color":"","overlay-opacity":"","overlay-gradient":""}},"footnotes":""},"class_list":["post-6664","page","type-page","status-publish","hentry"],"uagb_featured_image_src":{"full":false,"thumbnail":false,"medium":false,"medium_large":false,"large":false,"1536x1536":false,"2048x2048":false,"gform-image-choice-sm":false,"gform-image-choice-md":false,"gform-image-choice-lg":false},"uagb_author_info":{"display_name":"admin","author_link":"https:\/\/agostinjani.org\/mt\/author\/techit\/"},"uagb_comment_info":0,"uagb_excerpt":"Riflessjonijiet minn Patrijiet Agostinjani","_links":{"self":[{"href":"https:\/\/agostinjani.org\/mt\/wp-json\/wp\/v2\/pages\/6664","targetHints":{"allow":["GET"]}}],"collection":[{"href":"https:\/\/agostinjani.org\/mt\/wp-json\/wp\/v2\/pages"}],"about":[{"href":"https:\/\/agostinjani.org\/mt\/wp-json\/wp\/v2\/types\/page"}],"author":[{"embeddable":true,"href":"https:\/\/agostinjani.org\/mt\/wp-json\/wp\/v2\/users\/1"}],"replies":[{"embeddable":true,"href":"https:\/\/agostinjani.org\/mt\/wp-json\/wp\/v2\/comments?post=6664"}],"version-history":[{"count":10,"href":"https:\/\/agostinjani.org\/mt\/wp-json\/wp\/v2\/pages\/6664\/revisions"}],"predecessor-version":[{"id":7067,"href":"https:\/\/agostinjani.org\/mt\/wp-json\/wp\/v2\/pages\/6664\/revisions\/7067"}],"wp:attachment":[{"href":"https:\/\/agostinjani.org\/mt\/wp-json\/wp\/v2\/media?parent=6664"}],"curies":[{"name":"wp","href":"https:\/\/api.w.org\/{rel}","templated":true}]}}