{"id":6646,"date":"2024-03-21T15:43:23","date_gmt":"2024-03-21T14:43:23","guid":{"rendered":"https:\/\/dev.agostinjani.org\/?page_id=6646"},"modified":"2024-06-27T12:59:22","modified_gmt":"2024-06-27T10:59:22","slug":"spiritwalita","status":"publish","type":"page","link":"https:\/\/agostinjani.org\/mt\/min-ahna\/spiritwalita\/","title":{"rendered":"Spiritwalit\u00e0"},"content":{"rendered":"\n<h4 class=\"wp-block-heading has-ast-global-color-0-color has-text-color has-link-color wp-elements-27f797231c2ac185a1e564f27bea1073\"><strong>Il-Kari\u017cma Agostinjana<\/strong><\/h4>\n\n\n\n<div class=\"wp-block-uagb-container uagb-block-39b9957d alignfull uagb-is-root-container\"><div class=\"uagb-container-inner-blocks-wrap\">\n<div class=\"wp-block-uagb-container uagb-block-856a99df\">\n<figure class=\"wp-block-image aligncenter size-full\"><img data-recalc-dims=\"1\" fetchpriority=\"high\" decoding=\"async\" width=\"305\" height=\"829\" src=\"https:\/\/i0.wp.com\/agostinjani.org\/wp-content\/uploads\/2024\/06\/santu-wistin_spir.jpg?resize=305%2C829&#038;ssl=1\" alt=\"\" class=\"wp-image-6582\"\/><\/figure>\n<\/div>\n\n\n\n<div class=\"wp-block-uagb-container uagb-block-0585fdc5\">\n<div class=\"wp-block-group is-layout-constrained wp-block-group-is-layout-constrained\">\n<p class=\"has-ast-global-color-2-color has-text-color has-link-color has-medium-font-size wp-elements-829299c2ccea8a1e7603c49807ec19b3\"><strong>Si\u0121ra msoqqija minn tlett nixxig\u0127at<\/strong><\/p>\n\n\n\n<p>L-Ordni ta\u2019 Santu Wistin illum huwa frott ta\u2019 aktar minn 750 sena ta\u2019 storja. Matul il-medda ta\u017c-\u017cmien, issawret skola ta\u2019 spiritwalit\u00e0 li tat kontribut fil-formazzjoni tal-\u0127ajja nisranija f\u2019g\u0127aqda s\u0127i\u0127a mal-Knisja. L-ispiritwalit\u00e0 tal-Ordni ta\u2019 Santu Wistin tista\u2019 tixxebbah ma\u2019 si\u0121ra kbira li l-frieg\u0127i tag\u0127ha jitferrxu fuq medda ta\u2019 sekli u f\u2019bosta pajji\u017ci. Il-qu\u010b\u010bata tag\u0127ha g\u0127adha timra\u0127 fil-g\u0127oli biex tikseb meded \u0121odda. Fl-istess waqt l-g\u0127eruq sodi tag\u0127ha jin\u017clu fil-fond u li jiksbu l-\u0127ajja minn tlett nixxig\u0127at: il-moviment eremitiku, il-\u0127ajja reli\u0121ju\u017ca mendikanti, l-esperjenza ta\u2019 Santu Wistin.<\/p>\n\n\n\n<p class=\"has-ast-global-color-2-color has-text-color has-link-color has-medium-font-size wp-elements-d44ed4bd9e96648943921d678da56ed9\"><strong>G\u0127an u xhieda<\/strong><\/p>\n\n\n\n<p>\u201cL-g\u0127an tal-Ordni jikkonsist f\u2019dan: illi mag\u0127qudin g\u0127alenija fl-im\u0127abba ta\u2019 a\u0127wa u \u0127biberija spiritwali, infittxu li nag\u0127tu qima lil Alla u na\u0127dmu fis-servizz tal-poplu tieg\u0127u. B\u2019dan il-mod naqsmu fil-Knisja l-\u0127idma tal-evan\u0121elizazzjoni u nwasslu l-A\u0127bar it-Tajba fid-dinja kollha \u201csabiex nkunu nistg\u0127u nitrasformaw id-dinja mill-qalba tag\u0127ha. Din hi x-xhieda tag\u0127na.<\/p>\n\n\n\n<p>Sabiex dan kollu nistg\u0127u nil\u0127quh:<\/p>\n\n\n\n<ul style=\"margin-right:255px;margin-left:255px\" class=\"bulletstab wp-block-list\">\n<li>Ting\u0127ata priorit\u00e0 lill-konsagrazzjoni tag\u0127na lil Alla permezz tal-voti reli\u0121ju\u017ci, li minnhom il-\u0127ajja komunitarja tag\u0127ha u l-attivit\u00e0 appostolika inixxu daqslikieku minn g\u0127ajn.<\/li>\n\n\n\n<li>Nie\u0127du sehem fil-qima lil Alla b\u0127ala espressjoni ta\u2019 fidi li naqsmu ma\u2019 dawk l-a\u0127wa li jfittxu lil Alla.<\/li>\n\n\n\n<li>Ng\u0127ixu l-\u0127ajja komuni perfetta.<\/li>\n\n\n\n<li>Nippromwovu l-esperjenza ta\u2019 Alla permezz ta\u2019 \u0127ajja interjuri u l-istudju.<\/li>\n\n\n\n<li>Inwettqu l-attivit\u00e0 appostolika skont il-\u0127tie\u0121a tal-Knisja u tas-so\u010bjet\u00e0.<\/li>\n\n\n\n<li>Ning\u0127ataw b\u2019dedikazzjoni g\u0127ax-xog\u0127ol, kemm dak intellettwali kif ukoll dak manwali, g\u0127all-\u0121id tal-komunit\u00e0\u201d (Kostituzzjonijiet OSA, 14).<\/li>\n<\/ul>\n\n\n\n<p>\u201cIl-pedament tal-\u0127ajja Agostinjana jinsab fil-\u0127ajja komuni, li fiha l-a\u0127wa kollha jaqsmu mal-o\u0127rajn dak kollu li huma, jibnu triq lejn Alla fis-servizz lejn l-o\u0127rajn, u fil-komunjoni tal-\u0121id kollu tag\u0127hom, jipperfezzjonaw lilhom infushom permezz tad-don tal-grazzja divina. Hekk fil-\u0127ajja tag\u0127hom juru l-misteru tat-Trinit\u00e0 u tal-Knisja, filwaqt li juru minn issa fuq din l-art ir-realt\u00e0 tat-tama futura fid-dar tal-Missier\u201d (Kostituzzjonijiet OSA, 6)<\/p>\n<\/div>\n<\/div>\n<\/div><\/div>\n\n\n\n<div style=\"height:30px\" aria-hidden=\"true\" class=\"wp-block-spacer\"><\/div>\n\n\n\n<div class=\"wp-block-uagb-container uagb-block-bdeee54d alignfull uagb-is-root-container\"><div class=\"uagb-container-inner-blocks-wrap\">\n<div class=\"wp-block-uagb-container uagb-block-28451a86\">\n<div class=\"wp-block-uagb-info-box uagb-block-78ff033a uagb-infobox__content-wrap  uagb-infobox_cta-type-all uagb-infobox-icon-above-title uagb-infobox-image-valign-top\"><a href=\"https:\/\/agostinjani.org\/mt\/spiritwalita\/santu-wistin\/\" class=\"uagb-infobox-link-wrap uagb-infbox__link-to-all\" target=\"_self\" aria-label=\"Infobox Link\" rel=\"noopener noreferrer\" onclick=\"return true;\"><\/a><div class=\"uagb-ifb-content\"><div class=\"uagb-ifb-image-content\"><img data-recalc-dims=\"1\" decoding=\"async\" src=\"https:\/\/i0.wp.com\/agostinjani.org\/wp-content\/uploads\/2024\/06\/saint_augustine.webp?h=0&#038;ssl=1\" alt=\"\"   loading=\"lazy\"\/><\/div><div class=\"uagb-ifb-title-wrap\"><h3 class=\"uagb-ifb-title\">Santu Wistin<\/h3><\/div><p class=\"uagb-ifb-desc\">G\u0127ad-dinja kollha Santu Wistin jibqa\u2019 mfakkar b\u0127ala dak il-\u0127assieb kbir, li fih wie\u0127ed isib minjiera ta\u2019 tag\u0127lim Nisrani, kif ukoll il-qaddis li g\u0127ex l-ideal tal-\u0127ajja komunitarja imma g\u0127amel minnha l-qofol tal-mixja tal-qdusija: \u0127ajja msejsa fuq fl-g\u0127aqda ta\u2019 bejn l-a\u0127wa fit-tfittxija ta\u2019 Alla.<\/p><div class=\"uagb-ifb-button-wrapper wp-block-button\"><\/div><\/div><\/div>\n\n\n\n<div class=\"wp-block-uagb-buttons uagb-buttons__outer-wrap uagb-btn__default-btn uagb-btn-tablet__default-btn uagb-btn-mobile__default-btn uagb-block-b2873acf\"><div class=\"uagb-buttons__wrap uagb-buttons-layout-wrap\">\n<div class=\"wp-block-uagb-buttons-child uagb-buttons__outer-wrap uagb-block-99ab5a52 wp-block-button\"><div class=\"uagb-button__wrapper\"><a class=\"uagb-buttons-repeater wp-block-button__link\" href=\"https:\/\/agostinjani.org\/mt\/spiritwalita\/santu-wistin\/\" onclick=\"return true;\" rel=\"follow noopener\" target=\"_self\"><div class=\"uagb-button__link\">Aqra aktar<\/div><span class=\"uagb-button__icon uagb-button__icon-position-after\"><svg xmlns=\"https:\/\/www.w3.org\/2000\/svg\" viewBox=\"0 0 448 512\"><path d=\"M438.6 278.6l-160 160C272.4 444.9 264.2 448 256 448s-16.38-3.125-22.62-9.375c-12.5-12.5-12.5-32.75 0-45.25L338.8 288H32C14.33 288 .0016 273.7 .0016 256S14.33 224 32 224h306.8l-105.4-105.4c-12.5-12.5-12.5-32.75 0-45.25s32.75-12.5 45.25 0l160 160C451.1 245.9 451.1 266.1 438.6 278.6z\"><\/path><\/svg><\/span><\/a><\/div><\/div>\n<\/div><\/div>\n<\/div>\n\n\n\n<div class=\"wp-block-uagb-container uagb-block-a4a8775c\">\n<div class=\"wp-block-uagb-info-box uagb-block-a6fa026f uagb-infobox__content-wrap  uagb-infobox_cta-type-all uagb-infobox-icon-above-title uagb-infobox-image-valign-top\"><a href=\"https:\/\/agostinjani.org\/mt\/spiritwalita\/xhieda-ta-qdusija\/\" class=\"uagb-infobox-link-wrap uagb-infbox__link-to-all\" target=\"_self\" aria-label=\"Infobox Link\" rel=\"noopener noreferrer\" onclick=\"return true;\"><\/a><div class=\"uagb-ifb-content\"><div class=\"uagb-ifb-image-content\"><img data-recalc-dims=\"1\" decoding=\"async\" src=\"https:\/\/i0.wp.com\/agostinjani.org\/wp-content\/uploads\/2024\/06\/AugSaints.jpg?h=0&#038;ssl=1\" alt=\"\"   loading=\"lazy\"\/><\/div><div class=\"uagb-ifb-title-wrap\"><h3 class=\"uagb-ifb-title\">Xhieda ta&#8217; Qdusija<\/h3><\/div><p class=\"uagb-ifb-desc\">Il-wirt li \u0127alla Santu Wistin fil-Knisja mhuwiex limitat biss g\u0127all-g\u0127erf u l-kitbiet tieg\u0127u, imma fuq kollox l-e\u017cempju tal-\u0127ajja u l-esperjenza spiritwalit\u00e0 tieg\u0127u. Din l-esperjenza qawwija tal-pre\u017cenza ta\u2019 Alla fil-\u0127ajja tieg\u0127u, inbidlet f\u2019esperjenza qawwija ta\u2019 komunjoni ma\u2019 dawk li g\u0127ex mag\u0127hom f\u2019komunit\u00e0 fil-monasteri li huwa waqqaf.<\/p><div class=\"uagb-ifb-button-wrapper wp-block-button\"><\/div><\/div><\/div>\n\n\n\n<div class=\"wp-block-uagb-buttons uagb-buttons__outer-wrap uagb-btn__default-btn uagb-btn-tablet__default-btn uagb-btn-mobile__default-btn uagb-block-b1ceed52\"><div class=\"uagb-buttons__wrap uagb-buttons-layout-wrap\">\n<div class=\"wp-block-uagb-buttons-child uagb-buttons__outer-wrap uagb-block-c487ad50 wp-block-button\"><div class=\"uagb-button__wrapper\"><a class=\"uagb-buttons-repeater wp-block-button__link\" href=\"https:\/\/agostinjani.org\/mt\/spiritwalita\/xhieda-ta-qdusija\/\" onclick=\"return true;\" rel=\"follow noopener\" target=\"_self\"><div class=\"uagb-button__link\">Skopri<\/div><span class=\"uagb-button__icon uagb-button__icon-position-after\"><svg xmlns=\"https:\/\/www.w3.org\/2000\/svg\" viewBox=\"0 0 448 512\"><path d=\"M438.6 278.6l-160 160C272.4 444.9 264.2 448 256 448s-16.38-3.125-22.62-9.375c-12.5-12.5-12.5-32.75 0-45.25L338.8 288H32C14.33 288 .0016 273.7 .0016 256S14.33 224 32 224h306.8l-105.4-105.4c-12.5-12.5-12.5-32.75 0-45.25s32.75-12.5 45.25 0l160 160C451.1 245.9 451.1 266.1 438.6 278.6z\"><\/path><\/svg><\/span><\/a><\/div><\/div>\n<\/div><\/div>\n<\/div>\n\n\n\n<div class=\"wp-block-uagb-container uagb-block-f23a0be6\">\n<div class=\"wp-block-uagb-info-box uagb-block-c1579875 uagb-infobox__content-wrap  uagb-infobox_cta-type-all uagb-infobox-icon-above-title uagb-infobox-image-valign-top\"><a href=\"https:\/\/agostinjani.org\/mt\/spiritwalita\/regola-ta-santu-wistin\/\" class=\"uagb-infobox-link-wrap uagb-infbox__link-to-all\" target=\"_self\" aria-label=\"Infobox Link\" rel=\"noopener noreferrer\" onclick=\"return true;\"><\/a><div class=\"uagb-ifb-content\"><div class=\"uagb-ifb-image-content\"><img data-recalc-dims=\"1\" decoding=\"async\" src=\"https:\/\/i0.wp.com\/agostinjani.org\/wp-content\/uploads\/2024\/06\/regula.jpg?h=0&#038;ssl=1\" alt=\"\"   loading=\"lazy\"\/><\/div><div class=\"uagb-ifb-title-wrap\"><h3 class=\"uagb-ifb-title\">Regola ta\u2019 Santu Wistin<\/h3><\/div><p class=\"uagb-ifb-desc\">L-ideal ta\u2019 Santu Wistin sab il-qofol tieg\u0127u sekli wara meta ffurmaw \u0127afna komunitajiet reli\u0121ju\u017ci li fasslu \u0127ajjithom fuq ir-Regola li kien kiteb g\u0127all-ir\u0127ieb (reli\u0121ju\u017ci ir\u0121iel u nisa) li kienu jg\u0127ixu fil-monasteri li huwa waqqaf).<\/p><div class=\"uagb-ifb-button-wrapper wp-block-button\"><\/div><\/div><\/div>\n\n\n\n<div class=\"wp-block-uagb-buttons uagb-buttons__outer-wrap uagb-btn__default-btn uagb-btn-tablet__default-btn uagb-btn-mobile__default-btn uagb-block-8dba2343\"><div class=\"uagb-buttons__wrap uagb-buttons-layout-wrap\">\n<div class=\"wp-block-uagb-buttons-child uagb-buttons__outer-wrap uagb-block-e5358f7e wp-block-button\"><div class=\"uagb-button__wrapper\"><a class=\"uagb-buttons-repeater wp-block-button__link\" href=\"https:\/\/agostinjani.org\/mt\/spiritwalita\/regola-ta-santu-wistin\/\" onclick=\"return true;\" rel=\"follow noopener\" target=\"_self\"><div class=\"uagb-button__link\">Aqra r-Regola<\/div><span class=\"uagb-button__icon uagb-button__icon-position-after\"><svg xmlns=\"https:\/\/www.w3.org\/2000\/svg\" viewBox=\"0 0 448 512\"><path d=\"M438.6 278.6l-160 160C272.4 444.9 264.2 448 256 448s-16.38-3.125-22.62-9.375c-12.5-12.5-12.5-32.75 0-45.25L338.8 288H32C14.33 288 .0016 273.7 .0016 256S14.33 224 32 224h306.8l-105.4-105.4c-12.5-12.5-12.5-32.75 0-45.25s32.75-12.5 45.25 0l160 160C451.1 245.9 451.1 266.1 438.6 278.6z\"><\/path><\/svg><\/span><\/a><\/div><\/div>\n<\/div><\/div>\n<\/div>\n<\/div><\/div>\n","protected":false},"excerpt":{"rendered":"<p>Il-Kari\u017cma Agostinjana Si\u0121ra msoqqija minn tlett nixxig\u0127at L-Ordni ta\u2019 Santu Wistin illum huwa frott ta\u2019 aktar minn 750 sena ta\u2019 storja. Matul il-medda ta\u017c-\u017cmien, issawret skola ta\u2019 spiritwalit\u00e0 li tat kontribut fil-formazzjoni tal-\u0127ajja nisranija f\u2019g\u0127aqda s\u0127i\u0127a mal-Knisja. L-ispiritwalit\u00e0 tal-Ordni ta\u2019 Santu Wistin tista\u2019 tixxebbah ma\u2019 si\u0121ra kbira li l-frieg\u0127i tag\u0127ha jitferrxu fuq medda ta\u2019 sekli u f\u2019bosta pajji\u017ci. Il-qu\u010b\u010bata tag\u0127ha g\u0127adha timra\u0127 fil-g\u0127oli biex tikseb meded \u0121odda. Fl-istess waqt l-g\u0127eruq [&hellip;]<\/p>\n","protected":false},"author":1,"featured_media":0,"parent":6664,"menu_order":0,"comment_status":"closed","ping_status":"closed","template":"","meta":{"_uag_custom_page_level_css":"","site-sidebar-layout":"default","site-content-layout":"","ast-site-content-layout":"default","site-content-style":"default","site-sidebar-style":"default","ast-global-header-display":"","ast-banner-title-visibility":"","ast-main-header-display":"","ast-hfb-above-header-display":"","ast-hfb-below-header-display":"","ast-hfb-mobile-header-display":"","site-post-title":"","ast-breadcrumbs-content":"","ast-featured-img":"","footer-sml-layout":"","ast-disable-related-posts":"","theme-transparent-header-meta":"","adv-header-id-meta":"","stick-header-meta":"","header-above-stick-meta":"","header-main-stick-meta":"","header-below-stick-meta":"","astra-migrate-meta-layouts":"default","ast-page-background-enabled":"default","ast-page-background-meta":{"desktop":{"background-color":"var(--ast-global-color-4)","background-image":"","background-repeat":"repeat","background-position":"center center","background-size":"auto","background-attachment":"scroll","background-type":"","background-media":"","overlay-type":"","overlay-color":"","overlay-opacity":"","overlay-gradient":""},"tablet":{"background-color":"","background-image":"","background-repeat":"repeat","background-position":"center center","background-size":"auto","background-attachment":"scroll","background-type":"","background-media":"","overlay-type":"","overlay-color":"","overlay-opacity":"","overlay-gradient":""},"mobile":{"background-color":"","background-image":"","background-repeat":"repeat","background-position":"center center","background-size":"auto","background-attachment":"scroll","background-type":"","background-media":"","overlay-type":"","overlay-color":"","overlay-opacity":"","overlay-gradient":""}},"ast-content-background-meta":{"desktop":{"background-color":"var(--ast-global-color-5)","background-image":"","background-repeat":"repeat","background-position":"center center","background-size":"auto","background-attachment":"scroll","background-type":"","background-media":"","overlay-type":"","overlay-color":"","overlay-opacity":"","overlay-gradient":""},"tablet":{"background-color":"var(--ast-global-color-5)","background-image":"","background-repeat":"repeat","background-position":"center center","background-size":"auto","background-attachment":"scroll","background-type":"","background-media":"","overlay-type":"","overlay-color":"","overlay-opacity":"","overlay-gradient":""},"mobile":{"background-color":"var(--ast-global-color-5)","background-image":"","background-repeat":"repeat","background-position":"center center","background-size":"auto","background-attachment":"scroll","background-type":"","background-media":"","overlay-type":"","overlay-color":"","overlay-opacity":"","overlay-gradient":""}},"footnotes":""},"class_list":["post-6646","page","type-page","status-publish","hentry"],"uagb_featured_image_src":{"full":false,"thumbnail":false,"medium":false,"medium_large":false,"large":false,"1536x1536":false,"2048x2048":false,"gform-image-choice-sm":false,"gform-image-choice-md":false,"gform-image-choice-lg":false},"uagb_author_info":{"display_name":"admin","author_link":"https:\/\/agostinjani.org\/mt\/author\/techit\/"},"uagb_comment_info":0,"uagb_excerpt":"Il-Kari\u017cma Agostinjana Si\u0121ra msoqqija minn tlett nixxig\u0127at L-Ordni ta\u2019 Santu Wistin illum huwa frott ta\u2019 aktar minn 750 sena ta\u2019 storja. Matul il-medda ta\u017c-\u017cmien, issawret skola ta\u2019 spiritwalit\u00e0 li tat kontribut fil-formazzjoni tal-\u0127ajja nisranija f\u2019g\u0127aqda s\u0127i\u0127a mal-Knisja. L-ispiritwalit\u00e0 tal-Ordni ta\u2019 Santu Wistin tista\u2019 tixxebbah ma\u2019 si\u0121ra kbira li l-frieg\u0127i tag\u0127ha jitferrxu fuq medda ta\u2019 sekli&hellip;","_links":{"self":[{"href":"https:\/\/agostinjani.org\/mt\/wp-json\/wp\/v2\/pages\/6646","targetHints":{"allow":["GET"]}}],"collection":[{"href":"https:\/\/agostinjani.org\/mt\/wp-json\/wp\/v2\/pages"}],"about":[{"href":"https:\/\/agostinjani.org\/mt\/wp-json\/wp\/v2\/types\/page"}],"author":[{"embeddable":true,"href":"https:\/\/agostinjani.org\/mt\/wp-json\/wp\/v2\/users\/1"}],"replies":[{"embeddable":true,"href":"https:\/\/agostinjani.org\/mt\/wp-json\/wp\/v2\/comments?post=6646"}],"version-history":[{"count":6,"href":"https:\/\/agostinjani.org\/mt\/wp-json\/wp\/v2\/pages\/6646\/revisions"}],"predecessor-version":[{"id":6771,"href":"https:\/\/agostinjani.org\/mt\/wp-json\/wp\/v2\/pages\/6646\/revisions\/6771"}],"up":[{"embeddable":true,"href":"https:\/\/agostinjani.org\/mt\/wp-json\/wp\/v2\/pages\/6664"}],"wp:attachment":[{"href":"https:\/\/agostinjani.org\/mt\/wp-json\/wp\/v2\/media?parent=6646"}],"curies":[{"name":"wp","href":"https:\/\/api.w.org\/{rel}","templated":true}]}}