{"id":3966,"date":"2023-10-26T16:54:45","date_gmt":"2023-10-26T14:54:45","guid":{"rendered":"https:\/\/dev.agostinjani.org\/?page_id=3966"},"modified":"2023-10-26T17:17:03","modified_gmt":"2023-10-26T15:17:03","slug":"tal-pieta","status":"publish","type":"page","link":"https:\/\/agostinjani.org\/mt\/il-hidmiet-taghna\/komunitajiet-pastorali\/tal-pieta\/","title":{"rendered":"Tal-Piet\u00e0"},"content":{"rendered":"\n<div class=\"wp-block-uagb-image uagb-block-76923d0b wp-block-uagb-image--layout-default wp-block-uagb-image--effect-static wp-block-uagb-image--align-none\"><figure class=\"wp-block-uagb-image__figure\"><img data-recalc-dims=\"1\" loading=\"lazy\" decoding=\"async\" srcset=\"https:\/\/agostinjani.org\/wp-content\/uploads\/2023\/07\/pieta.jpeg ,https:\/\/agostinjani.org\/wp-content\/uploads\/2023\/07\/pieta.jpeg 780w, https:\/\/agostinjani.org\/wp-content\/uploads\/2023\/07\/pieta.jpeg 360w\" sizes=\"auto, (max-width: 480px) 150px\" src=\"https:\/\/i0.wp.com\/agostinjani.org\/wp-content\/uploads\/2023\/07\/pieta.jpeg?resize=1600%2C600&#038;ssl=1\" alt=\"\" class=\"uag-image-2814\" width=\"1600\" height=\"600\" title=\"\" loading=\"lazy\"\/><\/figure><\/div>\n\n\n\n<div style=\"height:20px\" aria-hidden=\"true\" class=\"wp-block-spacer\"><\/div>\n\n\n\n<div class=\"wp-block-uagb-buttons uagb-buttons__outer-wrap uagb-btn__default-btn uagb-btn-tablet__default-btn uagb-btn-mobile__default-btn uagb-block-fe632c65\"><div class=\"uagb-buttons__wrap uagb-buttons-layout-wrap\">\n<div class=\"wp-block-uagb-buttons-child uagb-buttons__outer-wrap uagb-block-5210540d wp-block-button is-style-outline\"><div class=\"uagb-button__wrapper\"><a class=\"uagb-buttons-repeater wp-block-button__link\" href=\"https:\/\/staugustine.edu.mt\/\" onclick=\"return true;\" rel=\"follow noopener\" target=\"_self\"><div class=\"uagb-button__link\">St Augustine College<\/div><span class=\"uagb-button__icon uagb-button__icon-position-after\"><svg xmlns=\"https:\/\/www.w3.org\/2000\/svg\" viewBox=\"0 0 448 512\"><path d=\"M438.6 278.6l-160 160C272.4 444.9 264.2 448 256 448s-16.38-3.125-22.62-9.375c-12.5-12.5-12.5-32.75 0-45.25L338.8 288H32C14.33 288 .0016 273.7 .0016 256S14.33 224 32 224h306.8l-105.4-105.4c-12.5-12.5-12.5-32.75 0-45.25s32.75-12.5 45.25 0l160 160C451.1 245.9 451.1 266.1 438.6 278.6z\"><\/path><\/svg><\/span><\/a><\/div><\/div>\n\n\n\n<div class=\"wp-block-uagb-buttons-child uagb-buttons__outer-wrap uagb-block-66d2c373 wp-block-button is-style-outline\"><div class=\"uagb-button__wrapper\"><a class=\"uagb-buttons-repeater wp-block-button__link\" href=\"https:\/\/www.facebook.com\/AugustinianYouths\" onclick=\"return true;\" rel=\"follow noopener\" target=\"_self\"><div class=\"uagb-button__link\">Augustinian Youths<\/div><span class=\"uagb-button__icon uagb-button__icon-position-after\"><svg xmlns=\"https:\/\/www.w3.org\/2000\/svg\" viewBox=\"0 0 448 512\"><path d=\"M438.6 278.6l-160 160C272.4 444.9 264.2 448 256 448s-16.38-3.125-22.62-9.375c-12.5-12.5-12.5-32.75 0-45.25L338.8 288H32C14.33 288 .0016 273.7 .0016 256S14.33 224 32 224h306.8l-105.4-105.4c-12.5-12.5-12.5-32.75 0-45.25s32.75-12.5 45.25 0l160 160C451.1 245.9 451.1 266.1 438.6 278.6z\"><\/path><\/svg><\/span><\/a><\/div><\/div>\n\n\n\n<div class=\"wp-block-uagb-buttons-child uagb-buttons__outer-wrap uagb-block-fd0909f7 wp-block-button is-style-outline\"><div class=\"uagb-button__wrapper\"><a class=\"uagb-buttons-repeater wp-block-button__link\" href=\"https:\/\/www.facebook.com\/missions.amigos\" onclick=\"return true;\" rel=\"follow noopener\" target=\"_self\"><div class=\"uagb-button__link\">Amigos<\/div><span class=\"uagb-button__icon uagb-button__icon-position-after\"><svg xmlns=\"https:\/\/www.w3.org\/2000\/svg\" viewBox=\"0 0 448 512\"><path d=\"M438.6 278.6l-160 160C272.4 444.9 264.2 448 256 448s-16.38-3.125-22.62-9.375c-12.5-12.5-12.5-32.75 0-45.25L338.8 288H32C14.33 288 .0016 273.7 .0016 256S14.33 224 32 224h306.8l-105.4-105.4c-12.5-12.5-12.5-32.75 0-45.25s32.75-12.5 45.25 0l160 160C451.1 245.9 451.1 266.1 438.6 278.6z\"><\/path><\/svg><\/span><\/a><\/div><\/div>\n<\/div><\/div>\n\n\n\n<div style=\"height:20px\" aria-hidden=\"true\" class=\"wp-block-spacer\"><\/div>\n\n\n\n<div class=\"wp-block-columns is-layout-flex wp-container-core-columns-is-layout-28f84493 wp-block-columns-is-layout-flex\">\n<div class=\"wp-block-column is-layout-flow wp-block-column-is-layout-flow\">\t\t\t<div \n\t\t\tclass=\"wp-block-uagb-google-map uagb-google-map__wrap uagb-block-8ab41aed     \"\n\t\t\tstyle=\"\" >\n\t\t\t\t<embed\n\t\t\t\t\tclass=\"uagb-google-map__iframe\"\n\t\t\t\t\ttitle=\"Google Map for \"\n\t\t\t\t\tsrc=\"https:\/\/maps.google.com\/maps?q=Kunvent%20San%20Tumas%20minn%20Villanova%2C%20Pieta&#038;z=15&#038;hl=en&#038;t=m&#038;output=embed&#038;iwloc=near\"\n\t\t\t\t\twidth=\"640\"\n\t\t\t\t\theight=\"300\"\n\t\t\t\t\tloading=\"lazy\"\n\t\t\t\t><\/embed>\n\t\t\t<\/div>\n\t\t\t<\/div>\n\n\n\n<div class=\"wp-block-column is-vertically-aligned-center is-layout-flow wp-block-column-is-layout-flow\">\n<div class=\"wp-block-uagb-icon-list uagb-block-e5f15d22\"><div class=\"uagb-icon-list__wrap\">\n<div class=\"wp-block-uagb-icon-list-child uagb-block-b5bad289\"><span class=\"uagb-icon-list__source-wrap\"><svg xmlns=\"https:\/\/www.w3.org\/2000\/svg\" viewBox=\"0 0 512 512\"><path d=\"M288 256C288 273.7 273.7 288 256 288C238.3 288 224 273.7 224 256C224 238.3 238.3 224 256 224C273.7 224 288 238.3 288 256zM0 256C0 114.6 114.6 0 256 0C397.4 0 512 114.6 512 256C512 397.4 397.4 512 256 512C114.6 512 0 397.4 0 256zM325.1 306.7L380.6 162.4C388.1 142.1 369 123.9 349.6 131.4L205.3 186.9C196.8 190.1 190.1 196.8 186.9 205.3L131.4 349.6C123.9 369 142.1 388.1 162.4 380.6L306.7 325.1C315.2 321.9 321.9 315.2 325.1 306.7V306.7z\"><\/path><\/svg><\/span><span class=\"uagb-icon-list__label\">Kunvent San Tumas minn Villanova, Triq J Zammit Tabona, Piet\u00e0<\/span><\/div>\n\n\n\n<div class=\"wp-block-uagb-icon-list-child uagb-block-5b80e7d8\"><span class=\"uagb-icon-list__source-wrap\"><svg xmlns=\"https:\/\/www.w3.org\/2000\/svg\" viewBox=\"0 0 512 512\"><path d=\"M511.2 387l-23.25 100.8c-3.266 14.25-15.79 24.22-30.46 24.22C205.2 512 0 306.8 0 54.5c0-14.66 9.969-27.2 24.22-30.45l100.8-23.25C139.7-2.602 154.7 5.018 160.8 18.92l46.52 108.5c5.438 12.78 1.77 27.67-8.98 36.45L144.5 207.1c33.98 69.22 90.26 125.5 159.5 159.5l44.08-53.8c8.688-10.78 23.69-14.51 36.47-8.975l108.5 46.51C506.1 357.2 514.6 372.4 511.2 387z\"><\/path><\/svg><\/span><span class=\"uagb-icon-list__label\">+356 2122 2884 \/ +356 2124 1166<\/span><\/div>\n\n\n\n<div class=\"wp-block-uagb-icon-list-child uagb-block-7f7ebf2e\"><a target=\"_blank\" aria-label=\"St Augustine College\" rel=\"noopener noreferrer\" href=\"https:\/\/www.facebook.com\/AugMalta\"> <\/a><span class=\"uagb-icon-list__source-wrap\"><svg xmlns=\"https:\/\/www.w3.org\/2000\/svg\" viewBox=\"0 0 512 512\"><path d=\"M504 256C504 119 393 8 256 8S8 119 8 256c0 123.8 90.69 226.4 209.3 245V327.7h-63V256h63v-54.64c0-62.15 37-96.48 93.67-96.48 27.14 0 55.52 4.84 55.52 4.84v61h-31.28c-30.8 0-40.41 19.12-40.41 38.73V256h68.78l-11 71.69h-57.78V501C413.3 482.4 504 379.8 504 256z\"><\/path><\/svg><\/span><span class=\"uagb-icon-list__label\">St Augustine College<\/span><\/div>\n\n\n\n<div class=\"wp-block-uagb-icon-list-child uagb-block-98f556b0\"><a target=\"_blank\" aria-label=\"Augustinian Youths\" rel=\"noopener noreferrer\" href=\"https:\/\/www.facebook.com\/AugustinianYouths\"> <\/a><span class=\"uagb-icon-list__source-wrap\"><svg xmlns=\"https:\/\/www.w3.org\/2000\/svg\" viewBox=\"0 0 512 512\"><path d=\"M504 256C504 119 393 8 256 8S8 119 8 256c0 123.8 90.69 226.4 209.3 245V327.7h-63V256h63v-54.64c0-62.15 37-96.48 93.67-96.48 27.14 0 55.52 4.84 55.52 4.84v61h-31.28c-30.8 0-40.41 19.12-40.41 38.73V256h68.78l-11 71.69h-57.78V501C413.3 482.4 504 379.8 504 256z\"><\/path><\/svg><\/span><span class=\"uagb-icon-list__label\">Augustinian Youths<\/span><\/div>\n\n\n\n<div class=\"wp-block-uagb-icon-list-child uagb-block-03cb3ce3\"><a target=\"_blank\" aria-label=\"Amigos\" rel=\"noopener noreferrer\" href=\"https:\/\/www.facebook.com\/missions.amigos\"> <\/a><span class=\"uagb-icon-list__source-wrap\"><svg xmlns=\"https:\/\/www.w3.org\/2000\/svg\" viewBox=\"0 0 512 512\"><path d=\"M504 256C504 119 393 8 256 8S8 119 8 256c0 123.8 90.69 226.4 209.3 245V327.7h-63V256h63v-54.64c0-62.15 37-96.48 93.67-96.48 27.14 0 55.52 4.84 55.52 4.84v61h-31.28c-30.8 0-40.41 19.12-40.41 38.73V256h68.78l-11 71.69h-57.78V501C413.3 482.4 504 379.8 504 256z\"><\/path><\/svg><\/span><span class=\"uagb-icon-list__label\">Amigos<\/span><\/div>\n<\/div><\/div>\n<\/div>\n<\/div>\n\n\n<form autocomplete=\"off\" name=\"wpv-filter-3744-CATTR27ca4f10e5b1fb726185d51556741aaa\" action=\"\/mt\/wp-json\/wp\/v2\/pages\/3966?wpv_view_count=3744-CATTR27ca4f10e5b1fb726185d51556741aaa\" method=\"get\" class=\"wpv-filter-form js-wpv-filter-form js-wpv-filter-form-3744-CATTR27ca4f10e5b1fb726185d51556741aaa js-wpv-form-full\" data-viewnumber=\"3744-CATTR27ca4f10e5b1fb726185d51556741aaa\" data-viewid=\"3744\" data-viewhash=\"eyJuYW1lIjoibmV3cy1jYXRlZ29yeSIsIndwdmNhdGVnb3J5IjoicGlldGEifQ==\" data-viewwidgetid=\"0\" data-orderby=\"\" data-order=\"\" data-orderbyas=\"\" data-orderbysecond=\"\" data-ordersecond=\"\" data-parametric=\"{&quot;query&quot;:&quot;normal&quot;,&quot;id&quot;:3744,&quot;view_id&quot;:3744,&quot;widget_id&quot;:0,&quot;view_hash&quot;:&quot;3744-CATTR27ca4f10e5b1fb726185d51556741aaa&quot;,&quot;action&quot;:&quot;\\\/mt\\\/wp-json\\\/wp\\\/v2\\\/pages\\\/3966?wpv_view_count=3744-CATTR27ca4f10e5b1fb726185d51556741aaa&quot;,&quot;sort&quot;:{&quot;orderby&quot;:&quot;&quot;,&quot;order&quot;:&quot;&quot;,&quot;orderby_as&quot;:&quot;&quot;,&quot;orderby_second&quot;:&quot;&quot;,&quot;order_second&quot;:&quot;&quot;},&quot;orderby&quot;:&quot;&quot;,&quot;order&quot;:&quot;&quot;,&quot;orderby_as&quot;:&quot;&quot;,&quot;orderby_second&quot;:&quot;&quot;,&quot;order_second&quot;:&quot;&quot;,&quot;ajax_form&quot;:&quot;&quot;,&quot;ajax_results&quot;:&quot;&quot;,&quot;effect&quot;:&quot;fade&quot;,&quot;prebefore&quot;:&quot;&quot;,&quot;before&quot;:&quot;&quot;,&quot;after&quot;:&quot;&quot;,&quot;attributes&quot;:{&quot;wpvcategory&quot;:&quot;pieta&quot;},&quot;environment&quot;:{&quot;current_post_id&quot;:3966,&quot;parent_post_id&quot;:3966,&quot;parent_term_id&quot;:0,&quot;parent_user_id&quot;:0,&quot;archive&quot;:{&quot;type&quot;:&quot;&quot;,&quot;name&quot;:&quot;&quot;,&quot;data&quot;:[]}},&quot;loop&quot;:{&quot;type&quot;:&quot;&quot;,&quot;name&quot;:&quot;&quot;,&quot;data&quot;:[],&quot;id&quot;:0}}\" data-attributes=\"{&quot;wpvcategory&quot;:&quot;pieta&quot;}\" data-environment=\"{&quot;current_post_id&quot;:3966,&quot;parent_post_id&quot;:3966,&quot;parent_term_id&quot;:0,&quot;parent_user_id&quot;:0,&quot;archive&quot;:{&quot;type&quot;:&quot;&quot;,&quot;name&quot;:&quot;&quot;,&quot;data&quot;:[]}}\"><input type=\"hidden\" class=\"js-wpv-dps-filter-data js-wpv-filter-data-for-this-form\" data-action=\"\/mt\/wp-json\/wp\/v2\/pages\/3966?wpv_view_count=3744-CATTR27ca4f10e5b1fb726185d51556741aaa\" data-page=\"1\" data-ajax=\"disable\" data-effect=\"fade\" data-maxpages=\"0\" data-ajaxprebefore=\"\" data-ajaxbefore=\"\" data-ajaxafter=\"\" \/><input class=\"wpv_view_count wpv_view_count-3744-CATTR27ca4f10e5b1fb726185d51556741aaa\" type=\"hidden\" name=\"wpv_view_count\" value=\"3744-CATTR27ca4f10e5b1fb726185d51556741aaa\" \/>\n\n<\/form>\n<div id=\"wpv-view-layout-3744-CATTR27ca4f10e5b1fb726185d51556741aaa\" class=\"js-wpv-view-layout js-wpv-layout-responsive js-wpv-view-layout-3744-CATTR27ca4f10e5b1fb726185d51556741aaa wpv-pagination js-wpv-layout-has-pagination wpv-pagination-preload-images js-wpv-layout-preload-images wpv-pagination-preload-pages js-wpv-layout-preload-pages\" style=\"visibility:hidden;\" data-viewnumber=\"3744-CATTR27ca4f10e5b1fb726185d51556741aaa\" data-pagination=\"{&quot;id&quot;:3744,&quot;query&quot;:&quot;normal&quot;,&quot;type&quot;:&quot;ajaxed&quot;,&quot;effect&quot;:&quot;fade&quot;,&quot;duration&quot;:500,&quot;speed&quot;:5,&quot;pause_on_hover&quot;:&quot;enabled&quot;,&quot;stop_rollover&quot;:&quot;false&quot;,&quot;cache_pages&quot;:&quot;enabled&quot;,&quot;preload_images&quot;:&quot;enabled&quot;,&quot;preload_pages&quot;:&quot;enabled&quot;,&quot;preload_reach&quot;:1,&quot;spinner&quot;:&quot;builtin&quot;,&quot;spinner_image&quot;:&quot;&quot;,&quot;callback_next&quot;:&quot;&quot;,&quot;manage_history&quot;:&quot;enabled&quot;,&quot;has_controls_in_form&quot;:&quot;disabled&quot;,&quot;infinite_tolerance&quot;:0,&quot;max_pages&quot;:0,&quot;page&quot;:1,&quot;base_permalink&quot;:&quot;\/mt\/wp-json\/wp\/v2\/pages\/3966?wpv_view_count=3744-CATTR27ca4f10e5b1fb726185d51556741aaa&amp;wpv_paged=WPV_PAGE_NUM&quot;,&quot;loop&quot;:{&quot;type&quot;:&quot;&quot;,&quot;name&quot;:&quot;&quot;,&quot;data&quot;:[],&quot;id&quot;:0}}\" data-permalink=\"\/mt\/wp-json\/wp\/v2\/pages\/3966?wpv_view_count=3744-CATTR27ca4f10e5b1fb726185d51556741aaa\">\n\n\t\n\t\n\t\t<strong><\/strong>\n\t\n<\/div>\n\n\n\n\n<hr class=\"wp-block-separator has-alpha-channel-opacity\"\/>\n\n\n\n<div style=\"height:20px\" aria-hidden=\"true\" class=\"wp-block-spacer\"><\/div>\n\n\n\n<figure class=\"wp-block-image alignright size-large\"><img data-recalc-dims=\"1\" decoding=\"async\" src=\"https:\/\/i0.wp.com\/www.agostinjani.org\/images\/2020\/07\/16\/2020.07.16---komunita-pieta.jpg?ssl=1\" alt=\"\"\/><\/figure>\n\n\n\n<p>Il-Kulle\u0121\u0121 Santu Wistin kien twaqqaf fl-1848. G\u0127al kwa\u017ci mitt sena kienu jintu\u017caw spazji fil-kunvent tal-Belt Valletta. Min\u0127abba ra\u0121unijiet ta\u2019 spazju, il-Kulle\u0121\u0121 kien trasferit l-ewwel g\u0127al \u0126al Tarxien imbag\u0127ad g\u0127al Tal-Piet\u00e0. Infatti fis-17 ta\u2019 \u0120unju 1965, deher avvi\u017c fit-Times of Malta dwar bejg\u0127 ta\u2019 tliet vilel, mezzanin u \u0121nien kbir fl-g\u0127olja ta\u2019 Gwardamangia, Tal-Piet\u00e0. Il-proposta mressqa mill-Provin\u010bjal P. Ugolin M. Gatt OSA, sabiex tinxtara din il-proprjet\u00e0, \u0121iet a\u010b\u010bettata mill-Kunsill, mill-awtoritajiet tal-Knisja lokali.<\/p>\n\n\n\n<p>F\u2019Jannar 1966 beda x-xog\u0127ol tat-tiswijiet me\u0127tie\u0121a fil-vilel fejn kellha tkun l-iskola u fejn kellhom jg\u0127ammru l-patrijiet tal-kulle\u0121\u0121. Kif it-tiswijiet kienu lesti, \u0121iet determinata l-ewwel komunit\u00e0 ta\u2019 reli\u0121ju\u017ci li kellhom jag\u0127mlu l-\u0127idma fil-kulle\u0121\u0121 b\u0127ala l-missjoni prin\u010bipali tag\u0127hom. Dawn da\u0127lu fil-bini trasformat f\u2019kunvent nhar l-10 ta\u2019 Marzu 1966. Fl-14 ta\u2019 April 1966 waslu d-digrieti tal-\u0120eneral Pirjol \u0120enerali Agostino Trap\u00e8 u tas-Sagra Kongregazzjoni tar-Reli\u0121ju\u017ci u jumejn wara, il-kulle\u0121\u0121 \u0121ie inawgurat b\u2019quddiesa fis-sala tal-kulle\u0121\u0121 il-\u0121did. Fit-28 tal-istess xahar \u0121iet imwaqqfa kanonikament id-dar reli\u0121ju\u017ca bl-isem ta\u2019 \u201cSan Tumas minn Villanova\u201d.<\/p>\n\n\n\n<p>Illum ir-reli\u0121ju\u017ci, fr. Mario Abela osa (Pirjol tal-komunit\u00e0), fr. David Cortis osa (Rettur tal-Kulle\u0121\u0121), fr. Terence Spiteri osa (Chaplain tal-Kulle\u0121\u0121)&nbsp; li jg\u0127ixu f\u2019din il-komunit\u00e0 huma involuti fil-\u0127idma pastorali edukattiva fil-Kulle\u0121\u0121 Santu Wistin f\u2019Tal Pieta (Kampus Sekondarja) u fil-Marsa (Kampus&nbsp;Primarja).<\/p>\n\n\n\n<p>Il-komunit\u00e0 g\u0127andha l-missjoni li takkumpanja li\u017c-\u017cg\u0127a\u017cag\u0127 fid-dixxerniment vokazzjonali tag\u0127hom u tg\u0127inhom fil-formazzjoni inizjali tag\u0127hom, filwaqt li toffri spazji g\u0127a\u017c-\u017cg\u0127a\u017cag\u0127 biex ikomplu jiskopru lilhom infushom u lil Alla. Reli\u0121ju\u017ci minn din il-komunit\u00e0 jg\u0127inu b\u2019mod dirett u indirett fit-tmexxija u l-amministrazzjoni tal-Provin\u010bja.<\/p>\n","protected":false},"excerpt":{"rendered":"<p>Il-Kulle\u0121\u0121 Santu Wistin kien twaqqaf fl-1848. G\u0127al kwa\u017ci mitt sena kienu jintu\u017caw spazji fil-kunvent tal-Belt Valletta. Min\u0127abba ra\u0121unijiet ta\u2019 spazju, il-Kulle\u0121\u0121 kien trasferit l-ewwel g\u0127al \u0126al Tarxien imbag\u0127ad g\u0127al Tal-Piet\u00e0. Infatti fis-17 ta\u2019 \u0120unju 1965, deher avvi\u017c fit-Times of Malta dwar bejg\u0127 ta\u2019 tliet vilel, mezzanin u \u0121nien kbir fl-g\u0127olja ta\u2019 Gwardamangia, Tal-Piet\u00e0. Il-proposta mressqa mill-Provin\u010bjal P. Ugolin M. Gatt OSA, sabiex tinxtara din il-proprjet\u00e0, \u0121iet a\u010b\u010bettata mill-Kunsill, mill-awtoritajiet tal-Knisja [&hellip;]<\/p>\n","protected":false},"author":1,"featured_media":2815,"parent":3936,"menu_order":5,"comment_status":"closed","ping_status":"closed","template":"","meta":{"_uag_custom_page_level_css":"","site-sidebar-layout":"default","site-content-layout":"","ast-site-content-layout":"default","site-content-style":"default","site-sidebar-style":"default","ast-global-header-display":"","ast-banner-title-visibility":"","ast-main-header-display":"","ast-hfb-above-header-display":"","ast-hfb-below-header-display":"","ast-hfb-mobile-header-display":"","site-post-title":"","ast-breadcrumbs-content":"","ast-featured-img":"disabled","footer-sml-layout":"","ast-disable-related-posts":"","theme-transparent-header-meta":"","adv-header-id-meta":"","stick-header-meta":"","header-above-stick-meta":"","header-main-stick-meta":"","header-below-stick-meta":"","astra-migrate-meta-layouts":"default","ast-page-background-enabled":"default","ast-page-background-meta":{"desktop":{"background-color":"var(--ast-global-color-4)","background-image":"","background-repeat":"repeat","background-position":"center center","background-size":"auto","background-attachment":"scroll","background-type":"","background-media":"","overlay-type":"","overlay-color":"","overlay-opacity":"","overlay-gradient":""},"tablet":{"background-color":"","background-image":"","background-repeat":"repeat","background-position":"center center","background-size":"auto","background-attachment":"scroll","background-type":"","background-media":"","overlay-type":"","overlay-color":"","overlay-opacity":"","overlay-gradient":""},"mobile":{"background-color":"","background-image":"","background-repeat":"repeat","background-position":"center center","background-size":"auto","background-attachment":"scroll","background-type":"","background-media":"","overlay-type":"","overlay-color":"","overlay-opacity":"","overlay-gradient":""}},"ast-content-background-meta":{"desktop":{"background-color":"var(--ast-global-color-5)","background-image":"","background-repeat":"repeat","background-position":"center center","background-size":"auto","background-attachment":"scroll","background-type":"","background-media":"","overlay-type":"","overlay-color":"","overlay-opacity":"","overlay-gradient":""},"tablet":{"background-color":"var(--ast-global-color-5)","background-image":"","background-repeat":"repeat","background-position":"center center","background-size":"auto","background-attachment":"scroll","background-type":"","background-media":"","overlay-type":"","overlay-color":"","overlay-opacity":"","overlay-gradient":""},"mobile":{"background-color":"var(--ast-global-color-5)","background-image":"","background-repeat":"repeat","background-position":"center center","background-size":"auto","background-attachment":"scroll","background-type":"","background-media":"","overlay-type":"","overlay-color":"","overlay-opacity":"","overlay-gradient":""}},"footnotes":""},"class_list":["post-3966","page","type-page","status-publish","has-post-thumbnail","hentry"],"uagb_featured_image_src":{"full":["https:\/\/i0.wp.com\/agostinjani.org\/wp-content\/uploads\/2023\/07\/pieta.jpeg?fit=1600%2C1200&ssl=1",1600,1200,false],"thumbnail":["https:\/\/i0.wp.com\/agostinjani.org\/wp-content\/uploads\/2023\/07\/pieta.jpeg?resize=350%2C350&ssl=1",350,350,true],"medium":["https:\/\/i0.wp.com\/agostinjani.org\/wp-content\/uploads\/2023\/07\/pieta.jpeg?fit=900%2C675&ssl=1",900,675,true],"medium_large":["https:\/\/i0.wp.com\/agostinjani.org\/wp-content\/uploads\/2023\/07\/pieta.jpeg?fit=768%2C576&ssl=1",768,576,true],"large":["https:\/\/i0.wp.com\/agostinjani.org\/wp-content\/uploads\/2023\/07\/pieta.jpeg?fit=1200%2C900&ssl=1",1200,900,true],"1536x1536":["https:\/\/i0.wp.com\/agostinjani.org\/wp-content\/uploads\/2023\/07\/pieta.jpeg?fit=1536%2C1152&ssl=1",1536,1152,true],"2048x2048":["https:\/\/i0.wp.com\/agostinjani.org\/wp-content\/uploads\/2023\/07\/pieta.jpeg?fit=1600%2C1200&ssl=1",1600,1200,true],"gform-image-choice-sm":["https:\/\/i0.wp.com\/agostinjani.org\/wp-content\/uploads\/2023\/07\/pieta.jpeg?resize=300%2C300&ssl=1",300,300,true],"gform-image-choice-md":["https:\/\/i0.wp.com\/agostinjani.org\/wp-content\/uploads\/2023\/07\/pieta.jpeg?resize=400%2C400&ssl=1",400,400,true],"gform-image-choice-lg":["https:\/\/i0.wp.com\/agostinjani.org\/wp-content\/uploads\/2023\/07\/pieta.jpeg?resize=600%2C600&ssl=1",600,600,true]},"uagb_author_info":{"display_name":"admin","author_link":"https:\/\/agostinjani.org\/mt\/author\/techit\/"},"uagb_comment_info":0,"uagb_excerpt":"Il-Kulle\u0121\u0121 Santu Wistin kien twaqqaf fl-1848. G\u0127al kwa\u017ci mitt sena kienu jintu\u017caw spazji fil-kunvent tal-Belt Valletta. Min\u0127abba ra\u0121unijiet ta\u2019 spazju, il-Kulle\u0121\u0121 kien trasferit l-ewwel g\u0127al \u0126al Tarxien imbag\u0127ad g\u0127al Tal-Piet\u00e0. Infatti fis-17 ta\u2019 \u0120unju 1965, deher avvi\u017c fit-Times of Malta dwar bejg\u0127 ta\u2019 tliet vilel, mezzanin u \u0121nien kbir fl-g\u0127olja ta\u2019 Gwardamangia, Tal-Piet\u00e0. Il-proposta mressqa&hellip;","_links":{"self":[{"href":"https:\/\/agostinjani.org\/mt\/wp-json\/wp\/v2\/pages\/3966","targetHints":{"allow":["GET"]}}],"collection":[{"href":"https:\/\/agostinjani.org\/mt\/wp-json\/wp\/v2\/pages"}],"about":[{"href":"https:\/\/agostinjani.org\/mt\/wp-json\/wp\/v2\/types\/page"}],"author":[{"embeddable":true,"href":"https:\/\/agostinjani.org\/mt\/wp-json\/wp\/v2\/users\/1"}],"replies":[{"embeddable":true,"href":"https:\/\/agostinjani.org\/mt\/wp-json\/wp\/v2\/comments?post=3966"}],"version-history":[{"count":1,"href":"https:\/\/agostinjani.org\/mt\/wp-json\/wp\/v2\/pages\/3966\/revisions"}],"predecessor-version":[{"id":3967,"href":"https:\/\/agostinjani.org\/mt\/wp-json\/wp\/v2\/pages\/3966\/revisions\/3967"}],"up":[{"embeddable":true,"href":"https:\/\/agostinjani.org\/mt\/wp-json\/wp\/v2\/pages\/3936"}],"wp:featuredmedia":[{"embeddable":true,"href":"https:\/\/agostinjani.org\/mt\/wp-json\/wp\/v2\/media\/2815"}],"wp:attachment":[{"href":"https:\/\/agostinjani.org\/mt\/wp-json\/wp\/v2\/media?parent=3966"}],"curies":[{"name":"wp","href":"https:\/\/api.w.org\/{rel}","templated":true}]}}