{"id":3948,"date":"2023-10-26T15:36:19","date_gmt":"2023-10-26T13:36:19","guid":{"rendered":"https:\/\/dev.agostinjani.org\/?page_id=3948"},"modified":"2023-10-26T17:06:21","modified_gmt":"2023-10-26T15:06:21","slug":"rabat-ghawdex","status":"publish","type":"page","link":"https:\/\/agostinjani.org\/mt\/il-hidmiet-taghna\/komunitajiet-pastorali\/rabat-ghawdex\/","title":{"rendered":"Rabat (G\u0127awdex)"},"content":{"rendered":"\n<div class=\"wp-block-uagb-image uagb-block-7eb2f683 wp-block-uagb-image--layout-default wp-block-uagb-image--effect-static wp-block-uagb-image--align-none\"><figure class=\"wp-block-uagb-image__figure\"><img data-recalc-dims=\"1\" loading=\"lazy\" decoding=\"async\" srcset=\"https:\/\/agostinjani.org\/wp-content\/uploads\/2023\/10\/04.-Gozo05-1024x462.jpg ,https:\/\/agostinjani.org\/wp-content\/uploads\/2023\/10\/04.-Gozo05.jpg 780w, https:\/\/agostinjani.org\/wp-content\/uploads\/2023\/10\/04.-Gozo05.jpg 360w\" sizes=\"auto, (max-width: 480px) 150px\" src=\"https:\/\/i0.wp.com\/agostinjani.org\/wp-content\/uploads\/2023\/10\/04.-Gozo05.jpg?resize=1200%2C541&#038;ssl=1\" alt=\"\" class=\"uag-image-3846\" width=\"1200\" height=\"541\" title=\"\" loading=\"lazy\"\/><\/figure><\/div>\n\n\n\n<div style=\"height:21px\" aria-hidden=\"true\" class=\"wp-block-spacer\"><\/div>\n\n\n\n<div class=\"wp-block-uagb-buttons uagb-buttons__outer-wrap uagb-btn__default-btn uagb-btn-tablet__default-btn uagb-btn-mobile__default-btn uagb-block-fe632c65\"><div class=\"uagb-buttons__wrap uagb-buttons-layout-wrap\">\n<div class=\"wp-block-uagb-buttons-child uagb-buttons__outer-wrap uagb-block-5210540d wp-block-button is-style-outline\"><div class=\"uagb-button__wrapper\"><a class=\"uagb-buttons-repeater wp-block-button__link\" href=\"https:\/\/agostinjani.org\/#etab-1058\" onclick=\"return true;\" rel=\"follow noopener\" target=\"_self\"><div class=\"uagb-button__link\">\u0126inijiet tal-Quddies &#8211; Rabat (G\u0127awdex)<\/div><span class=\"uagb-button__icon uagb-button__icon-position-after\"><svg xmlns=\"https:\/\/www.w3.org\/2000\/svg\" viewBox=\"0 0 448 512\"><path d=\"M438.6 278.6l-160 160C272.4 444.9 264.2 448 256 448s-16.38-3.125-22.62-9.375c-12.5-12.5-12.5-32.75 0-45.25L338.8 288H32C14.33 288 .0016 273.7 .0016 256S14.33 224 32 224h306.8l-105.4-105.4c-12.5-12.5-12.5-32.75 0-45.25s32.75-12.5 45.25 0l160 160C451.1 245.9 451.1 266.1 438.6 278.6z\"><\/path><\/svg><\/span><\/a><\/div><\/div>\n<\/div><\/div>\n\n\n\n<div style=\"height:20px\" aria-hidden=\"true\" class=\"wp-block-spacer\"><\/div>\n\n\n\n<div class=\"wp-block-columns is-layout-flex wp-container-core-columns-is-layout-28f84493 wp-block-columns-is-layout-flex\">\n<div class=\"wp-block-column is-layout-flow wp-block-column-is-layout-flow\">\t\t\t<div \n\t\t\tclass=\"wp-block-uagb-google-map uagb-google-map__wrap uagb-block-8ab41aed     \"\n\t\t\tstyle=\"\" >\n\t\t\t\t<embed\n\t\t\t\t\tclass=\"uagb-google-map__iframe\"\n\t\t\t\t\ttitle=\"Google Map for \"\n\t\t\t\t\tsrc=\"https:\/\/maps.google.com\/maps?q=St%20Augustine%20Church%20Rabat%20Gozo&#038;z=15&#038;hl=en&#038;t=m&#038;output=embed&#038;iwloc=near\"\n\t\t\t\t\twidth=\"640\"\n\t\t\t\t\theight=\"300\"\n\t\t\t\t\tloading=\"lazy\"\n\t\t\t\t><\/embed>\n\t\t\t<\/div>\n\t\t\t<\/div>\n\n\n\n<div class=\"wp-block-column is-vertically-aligned-center is-layout-flow wp-block-column-is-layout-flow\">\n<div class=\"wp-block-uagb-icon-list uagb-block-e5f15d22\"><div class=\"uagb-icon-list__wrap\">\n<div class=\"wp-block-uagb-icon-list-child uagb-block-b5bad289\"><span class=\"uagb-icon-list__source-wrap\"><svg xmlns=\"https:\/\/www.w3.org\/2000\/svg\" viewBox=\"0 0 512 512\"><path d=\"M288 256C288 273.7 273.7 288 256 288C238.3 288 224 273.7 224 256C224 238.3 238.3 224 256 224C273.7 224 288 238.3 288 256zM0 256C0 114.6 114.6 0 256 0C397.4 0 512 114.6 512 256C512 397.4 397.4 512 256 512C114.6 512 0 397.4 0 256zM325.1 306.7L380.6 162.4C388.1 142.1 369 123.9 349.6 131.4L205.3 186.9C196.8 190.1 190.1 196.8 186.9 205.3L131.4 349.6C123.9 369 142.1 388.1 162.4 380.6L306.7 325.1C315.2 321.9 321.9 315.2 325.1 306.7V306.7z\"><\/path><\/svg><\/span><span class=\"uagb-icon-list__label\">Kunvent Santu Wistin, Pjazza Santu Wistin, Rabat, G\u0127awdex<\/span><\/div>\n\n\n\n<div class=\"wp-block-uagb-icon-list-child uagb-block-5b80e7d8\"><span class=\"uagb-icon-list__source-wrap\"><svg xmlns=\"https:\/\/www.w3.org\/2000\/svg\" viewBox=\"0 0 512 512\"><path d=\"M511.2 387l-23.25 100.8c-3.266 14.25-15.79 24.22-30.46 24.22C205.2 512 0 306.8 0 54.5c0-14.66 9.969-27.2 24.22-30.45l100.8-23.25C139.7-2.602 154.7 5.018 160.8 18.92l46.52 108.5c5.438 12.78 1.77 27.67-8.98 36.45L144.5 207.1c33.98 69.22 90.26 125.5 159.5 159.5l44.08-53.8c8.688-10.78 23.69-14.51 36.47-8.975l108.5 46.51C506.1 357.2 514.6 372.4 511.2 387z\"><\/path><\/svg><\/span><span class=\"uagb-icon-list__label\">+356 2155 6060 \/ +356 2156 4091<\/span><\/div>\n\n\n\n<div class=\"wp-block-uagb-icon-list-child uagb-block-7f7ebf2e\"><a target=\"_blank\" aria-label=\"Santu Wistin - Victoria, G\u0127awdex\" rel=\"noopener noreferrer\" href=\"https:\/\/www.facebook.com\/profile.php?id=100063701700951\"> <\/a><span class=\"uagb-icon-list__source-wrap\"><svg xmlns=\"https:\/\/www.w3.org\/2000\/svg\" viewBox=\"0 0 512 512\"><path d=\"M504 256C504 119 393 8 256 8S8 119 8 256c0 123.8 90.69 226.4 209.3 245V327.7h-63V256h63v-54.64c0-62.15 37-96.48 93.67-96.48 27.14 0 55.52 4.84 55.52 4.84v61h-31.28c-30.8 0-40.41 19.12-40.41 38.73V256h68.78l-11 71.69h-57.78V501C413.3 482.4 504 379.8 504 256z\"><\/path><\/svg><\/span><span class=\"uagb-icon-list__label\">Santu Wistin &#8211; Victoria, G\u0127awdex<\/span><\/div>\n<\/div><\/div>\n<\/div>\n<\/div>\n\n\n<form autocomplete=\"off\" name=\"wpv-filter-3744-CATTRa94554651cfceff251b94b65740169d3\" action=\"\/mt\/wp-json\/wp\/v2\/pages\/3948?wpv_view_count=3744-CATTRa94554651cfceff251b94b65740169d3\" method=\"get\" class=\"wpv-filter-form js-wpv-filter-form js-wpv-filter-form-3744-CATTRa94554651cfceff251b94b65740169d3 js-wpv-form-full\" data-viewnumber=\"3744-CATTRa94554651cfceff251b94b65740169d3\" data-viewid=\"3744\" data-viewhash=\"eyJuYW1lIjoibmV3cy1jYXRlZ29yeSIsIndwdmNhdGVnb3J5IjoicmFiYXQtZ2hhd2RleCJ9\" data-viewwidgetid=\"0\" data-orderby=\"\" data-order=\"\" data-orderbyas=\"\" data-orderbysecond=\"\" data-ordersecond=\"\" data-parametric=\"{&quot;query&quot;:&quot;normal&quot;,&quot;id&quot;:3744,&quot;view_id&quot;:3744,&quot;widget_id&quot;:0,&quot;view_hash&quot;:&quot;3744-CATTRa94554651cfceff251b94b65740169d3&quot;,&quot;action&quot;:&quot;\\\/mt\\\/wp-json\\\/wp\\\/v2\\\/pages\\\/3948?wpv_view_count=3744-CATTRa94554651cfceff251b94b65740169d3&quot;,&quot;sort&quot;:{&quot;orderby&quot;:&quot;&quot;,&quot;order&quot;:&quot;&quot;,&quot;orderby_as&quot;:&quot;&quot;,&quot;orderby_second&quot;:&quot;&quot;,&quot;order_second&quot;:&quot;&quot;},&quot;orderby&quot;:&quot;&quot;,&quot;order&quot;:&quot;&quot;,&quot;orderby_as&quot;:&quot;&quot;,&quot;orderby_second&quot;:&quot;&quot;,&quot;order_second&quot;:&quot;&quot;,&quot;ajax_form&quot;:&quot;&quot;,&quot;ajax_results&quot;:&quot;&quot;,&quot;effect&quot;:&quot;fade&quot;,&quot;prebefore&quot;:&quot;&quot;,&quot;before&quot;:&quot;&quot;,&quot;after&quot;:&quot;&quot;,&quot;attributes&quot;:{&quot;wpvcategory&quot;:&quot;rabat-ghawdex&quot;},&quot;environment&quot;:{&quot;current_post_id&quot;:3948,&quot;parent_post_id&quot;:3948,&quot;parent_term_id&quot;:0,&quot;parent_user_id&quot;:0,&quot;archive&quot;:{&quot;type&quot;:&quot;&quot;,&quot;name&quot;:&quot;&quot;,&quot;data&quot;:[]}},&quot;loop&quot;:{&quot;type&quot;:&quot;&quot;,&quot;name&quot;:&quot;&quot;,&quot;data&quot;:[],&quot;id&quot;:0}}\" data-attributes=\"{&quot;wpvcategory&quot;:&quot;rabat-ghawdex&quot;}\" data-environment=\"{&quot;current_post_id&quot;:3948,&quot;parent_post_id&quot;:3948,&quot;parent_term_id&quot;:0,&quot;parent_user_id&quot;:0,&quot;archive&quot;:{&quot;type&quot;:&quot;&quot;,&quot;name&quot;:&quot;&quot;,&quot;data&quot;:[]}}\"><input type=\"hidden\" class=\"js-wpv-dps-filter-data js-wpv-filter-data-for-this-form\" data-action=\"\/mt\/wp-json\/wp\/v2\/pages\/3948?wpv_view_count=3744-CATTRa94554651cfceff251b94b65740169d3\" data-page=\"1\" data-ajax=\"disable\" data-effect=\"fade\" data-maxpages=\"6\" data-ajaxprebefore=\"\" data-ajaxbefore=\"\" data-ajaxafter=\"\" \/><input class=\"wpv_view_count wpv_view_count-3744-CATTRa94554651cfceff251b94b65740169d3\" type=\"hidden\" name=\"wpv_view_count\" value=\"3744-CATTRa94554651cfceff251b94b65740169d3\" \/>\n\n<\/form>\n<div id=\"wpv-view-layout-3744-CATTRa94554651cfceff251b94b65740169d3\" class=\"js-wpv-view-layout js-wpv-layout-responsive js-wpv-view-layout-3744-CATTRa94554651cfceff251b94b65740169d3 wpv-pagination js-wpv-layout-has-pagination wpv-pagination-preload-images js-wpv-layout-preload-images wpv-pagination-preload-pages js-wpv-layout-preload-pages\" style=\"visibility:hidden;\" data-viewnumber=\"3744-CATTRa94554651cfceff251b94b65740169d3\" data-pagination=\"{&quot;id&quot;:3744,&quot;query&quot;:&quot;normal&quot;,&quot;type&quot;:&quot;ajaxed&quot;,&quot;effect&quot;:&quot;fade&quot;,&quot;duration&quot;:500,&quot;speed&quot;:5,&quot;pause_on_hover&quot;:&quot;enabled&quot;,&quot;stop_rollover&quot;:&quot;false&quot;,&quot;cache_pages&quot;:&quot;enabled&quot;,&quot;preload_images&quot;:&quot;enabled&quot;,&quot;preload_pages&quot;:&quot;enabled&quot;,&quot;preload_reach&quot;:1,&quot;spinner&quot;:&quot;builtin&quot;,&quot;spinner_image&quot;:&quot;&quot;,&quot;callback_next&quot;:&quot;&quot;,&quot;manage_history&quot;:&quot;enabled&quot;,&quot;has_controls_in_form&quot;:&quot;disabled&quot;,&quot;infinite_tolerance&quot;:0,&quot;max_pages&quot;:6,&quot;page&quot;:1,&quot;base_permalink&quot;:&quot;\/mt\/wp-json\/wp\/v2\/pages\/3948?wpv_view_count=3744-CATTRa94554651cfceff251b94b65740169d3&amp;wpv_paged=WPV_PAGE_NUM&quot;,&quot;loop&quot;:{&quot;type&quot;:&quot;&quot;,&quot;name&quot;:&quot;&quot;,&quot;data&quot;:[],&quot;id&quot;:0}}\" data-permalink=\"\/mt\/wp-json\/wp\/v2\/pages\/3948?wpv_view_count=3744-CATTRa94554651cfceff251b94b65740169d3\">\n\n\t\n<h3>Artikli Relatati<\/h3>\n\t\n\t<div class=\"wpv-loop js-wpv-loop\">\n\t\n\t\t\n\t\t<div class=\"row \">\n\t\t\t<div class=\"col-md-6\">\n<div class=\"wp-block-columns is-layout-flex wp-container-core-columns-is-layout-28f84493 wp-block-columns-is-layout-flex\">\n<div class=\"wp-block-column is-layout-flow wp-block-column-is-layout-flow\" style=\"flex-basis:45%\">\n<figure class=\"wp-block-image tb-image tb-image-dynamic tb-image-frame-none\" data-toolset-blocks-image=\"bcb610c0bc2110ca16eef72e9e864fc0\"><img decoding=\"async\" loading=\"lazy\" src=\"https:\/\/i0.wp.com\/agostinjani.org\/wp-content\/uploads\/2025\/12\/IMG-20251205-WA0008-ok.jpg?fit=1200%2C675&#038;ssl=1\"\/><\/figure>\n<\/div>\n\n\n\n<div class=\"wp-block-column is-layout-flow wp-block-column-is-layout-flow\" style=\"flex-basis:66.66%\">\n<h4 class=\"tb-heading\" data-toolset-blocks-heading=\"6ee1480522cceb669caa2ffe43bc807b\" data-last-update=\"1.4\"><a href=\"https:\/\/agostinjani.org\/mt\/ahbarijiet\/100-sena-mill-mewt-tal-isqof-agostinjan-mons-giovanni-maria-camilleri\/\">100 sena mill-mewt tal-Isqof Agostinjan Mons Giovanni Maria Camilleri<\/a><\/h4>\n\n\n\n<div class=\"tb-fields-and-text\" data-toolset-blocks-fields-and-text=\"360284519b991feb492b582c7d84725f\"><p>Nhar il-\u0126amis 4 ta\u2019 Di\u010bembru tfakkar l-Isqof Agostinjan Mons Giovanni Maria Camilleri f\u2019g\u0127eluq il-100 sena minn mewtu. L-Isqof ta\u2019 G\u0127awdex&#8230;<\/p>\n<\/div>\n\n\n\n<div class=\"tb-button\" data-toolset-blocks-button=\"843bd4c858963ccf9ad22a19f91316ad\"><a class=\"tb-button__link\" href=\"https:\/\/agostinjani.org\/mt\/ahbarijiet\/100-sena-mill-mewt-tal-isqof-agostinjan-mons-giovanni-maria-camilleri\/\"><i class=\"tb-button__icon\"><\/i><span class=\"tb-button__content\">Kompli aqra<\/span><\/a><\/div>\n<\/div>\n<\/div>\n<\/div>\n\t\t\n\t\t\n\t\t\t<div class=\"col-md-6\">\n<div class=\"wp-block-columns is-layout-flex wp-container-core-columns-is-layout-28f84493 wp-block-columns-is-layout-flex\">\n<div class=\"wp-block-column is-layout-flow wp-block-column-is-layout-flow\" style=\"flex-basis:45%\">\n\n<\/div>\n\n\n\n<div class=\"wp-block-column is-layout-flow wp-block-column-is-layout-flow\" style=\"flex-basis:66.66%\">\n<h4 class=\"tb-heading\" data-toolset-blocks-heading=\"6ee1480522cceb669caa2ffe43bc807b\" data-last-update=\"1.4\"><a href=\"https:\/\/agostinjani.org\/mt\/ahbarijiet\/festi-li-saru-ghawdex-fgheluq-il-25-sena-mill-kanonizzazzjoni-ta-s-rita-1900-2025\/\">Festi li saru G\u0127awdex f\u2019g\u0127eluq il-125 sena mill-Kanonizzazzjoni ta\u2019 S. Rita 1900-2025<\/a><\/h4>\n\n\n\n<div class=\"tb-fields-and-text\" data-toolset-blocks-fields-and-text=\"360284519b991feb492b582c7d84725f\"><p>Il-festi \u0120ubilari ta\u2019 Santa Rita F\u2019G\u0127awdex fet\u0127u bil-Pellegrina\u0121\u0121 li sar g\u0127all-Cascia fis-19 ta\u2019 Marzu 2025 fejn dawk li pparte\u010bipaw kellhom&#8230;<\/p>\n<\/div>\n\n\n\n<div class=\"tb-button\" data-toolset-blocks-button=\"843bd4c858963ccf9ad22a19f91316ad\"><a class=\"tb-button__link\" href=\"https:\/\/agostinjani.org\/mt\/ahbarijiet\/festi-li-saru-ghawdex-fgheluq-il-25-sena-mill-kanonizzazzjoni-ta-s-rita-1900-2025\/\"><i class=\"tb-button__icon\"><\/i><span class=\"tb-button__content\">Kompli aqra<\/span><\/a><\/div>\n<\/div>\n<\/div>\n<\/div>\n\t\t<\/div>\n\t\t\n\t<\/div>\n\t\n    <ul class=\"pagination\" style=\"padding:0; float:right;\">\n        <li class=\"page-item\"><\/li>&nbsp;&nbsp;\n        <li class=\"page-item\"><a class=\"wpv-filter-next-link js-wpv-pagination-next-link page-link \"  href=\"\/mt\/wp-json\/wp\/v2\/pages\/3948?wpv_view_count=3744-CATTRa94554651cfceff251b94b65740169d3&#038;wpv_paged=2\"\n\t\t\t\t\tdata-viewnumber=\"3744-CATTRa94554651cfceff251b94b65740169d3\" data-page=\"2\">Li jmiss \u00bb<\/a><\/li>\n    <\/ul>\n\t\n\t\n<\/div>\n\n\n\n\n<hr class=\"wp-block-separator has-alpha-channel-opacity\"\/>\n\n\n\n<div style=\"height:20px\" aria-hidden=\"true\" class=\"wp-block-spacer\"><\/div>\n\n\n\n<p>Francesco Agius de Soldanis fl-opra tieg\u0127u manuskritta Gozo Antico e Moderno (1746) jg\u0127id li fid-19 ta\u2019 Ottubru 1583, xi barbari ni\u017clu G\u0127awdex minn Bi\u017certa u serqu \u0127afna \u0127wejje\u0121, flus u kotba. Dan is-serq seta\u2019 tellef lill-patrijiet il-provi dokumentati li juru meta kien mibni l-ewwel kunvent tal-Agostinjani f\u2019G\u0127awdex.<\/p>\n\n\n\n<p>Fost id-diversi stejjer qodma marbutin mal-pre\u017cenza tal-Agostinjani f\u2019G\u0127awdex, qabel stabbilew ru\u0127hom fir-Rabat, hemm dik li kienu jamministraw knisja \u010bkejkna fil-limiti tax-Xag\u0127ra, dedikata lil Santa Marija tas-Seba\u2019 Fer\u0127at (S. Maria Septem Gaudiorum), illum imsej\u0127a \u201cTa\u2019 Gajdoru\u201d.<\/p>\n\n\n\n<p>Il-knisja ta\u2019 Santu Wistin kienet imsemmija fost dawk li fihom tista\u2019 tinkiseb l-indul\u0121enza tal-\u0120ublew il-Kbir tal-1450. Dan jista jfisser li l-pre\u017cenza agostinjana tmur lura g\u0127al bidu tas-seklu XV. Skont dokumenti o\u0127rajn, fis-sena 1465, in-nobbli Antonio de Naso g\u0127amel offerta biex issir qanpiena fil-knisja ta\u2019 Santu Wistin. Fl-1470, \u010bimiterju li kien jinsab qrib il-kunvent u l-knisja, kien di\u0121a jissejja\u0127 b\u0127ala \u201cta\u2019 Santu Wistin\u201d.<\/p>\n\n\n\n<p>Fl-1533, il-kunvent gie mkabbar, filwaqt li l-knisja ng\u0127atat xejra gdida. Min\u0127abba i\u010b-\u010bokon tieg\u0127u u n-numru \u017cg\u0127ir ta\u2019 patrijiet li kien hemm fih, il-kunvent ta\u2019 G\u0127awdex intlaqat minn dik li baqg\u0127et mag\u0127rufa b\u0127ala \u201cs-soppressjoni inno\u010benzjana\u201d, li saret b\u2019ordni tal-Papa Inno\u010benz X fil-15 ta\u2019 Ottubru 1652. It-telfa tal-kunvent u l-knisja damet biss erba\u2019 xhur \u2013 minn. Il-kunvent rega\u2019 nfeta\u0127 fuq it-talba tal-Gran Mastru Lascaris Castellar. Fl-1662, in\u0127asset il-\u0127tie\u0121a li ter\u0121a\u2019 tinbena l-knisja min\u0127abba l-fatt li dik e\u017cistenti, g\u0127all-qedem tag\u0127ha kienet thedded li taqa\u2019. Il-bini tal-knisja spi\u010b\u010ba erba\u2019 snin wara, fis-sena 1666. Madanakollu, l-knisja kienet ikkonsagrata mill-Isqof Labini fit-12 ta\u2019 Mejju 1782. Fl-1679 ittie\u0127det de\u010bi\u017cjoni sabiex jinbena wkoll kampnar \u0121did min\u0127abba.<\/p>\n\n\n\n<p>Fis-sena 1690, beda x-xog\u0127ol sabiex il-kunvent jitkabbar. It-terremot kbir li laqg\u0127at il-g\u017cejjer Maltin fid-9 ta\u2019 Jannar 1693 g\u0127amilha aktar \u0127a\u0121a ur\u0121enti li jinbena l-kunvent \u0121did ma\u0127sub. Tqabbad lill-arkitett Ferdinandu Valletta, u x-xog\u0127ol tlesta fis-sena 1717. L-istil kien wiehed monastiku, fejn il-kmamar tal-patrijiet kienu jag\u0127tu g\u0127all-kjostru. Madanakollu, min\u0127abba r-ri\u0127 u x-xita fix-xitwa u s-s\u0127ana qawwija tas-sajf, fl-1724, nag\u0127lqu l-erba\u2019 kuriduri tal-kunvent bit-twieqi.<\/p>\n\n\n\n<p>L-isba\u0127 opra li tinsab fil-knisja hu l-kwadru titulari ta\u2019 Santu Wistin li jinsab fil-kor, xog\u0127ol ta\u2019 ta\u2019 Mattia Preti u l-bottega tieg\u0127u (1694). Ix-xbieha tal-Madonna tal-Parir it-Tajjeb li tinsab f\u2019nofs l-artal ma\u0121\u0121ur in\u0121abet minn Ruma fis-sena 1765. In-nobbli Giuseppe Dandalona fl-14 ta\u2019 Awwissu 1767 offra li jibni artal ma\u0121\u0121ur bi r\u0127am fin u jqieg\u0127ed il-kwadru tal-Madonna \u010bkejken fih, Minn dak inhar, l-artal maggur kien dedikat lill-Madonna tal-Parir it-Tajjeb.<\/p>\n\n\n\n<p>Mal-wasla u l-okkupazzjoni tal-Francizi bdew jing\u0127ataw diversi ordnijiet, fosthom li l-ordnijiet reli\u0121ju\u017ci f\u2019Malta ma setax ikollhom aktar minn kunvent wie\u0127ed. B\u2019xorti \u0127a\u017cina, il-patrijiet Agostinjani t\u0127allielhom biss il-kunvent ta\u2019 G\u0127awdex li dak i\u017c-\u017cmien ma tantx kien f\u2019kundizzjoni sabi\u0127a.<\/p>\n\n\n\n<p>Bi thejjija g\u0127all-festi \u010bentinarji ta\u2019 Santu Wistin, f\u2019Di\u010bembru 1929, re\u0121a\u2019 nbena l-kampnar u fis-sena 1931 saru xi tibdiliet fil-knisja. I\u017c-\u017cew\u0121 gallariji fuq kull \u0121enb tal-kor, li kienu jservu g\u0127all-orgni, \u0121ew mag\u0127luqa. Minflokhom saru \u017cew\u0121 kwadri sbie\u0127 tal-pittur Briffa, jirraprezentaw il-mag\u0127mudija ta\u2019 Santu Wistin minn idejn Sant\u2019Ambro\u0121 u l-ie\u0127or Santu Wistin qieg\u0127ed jag\u0127ti r-Regola lil diversi ordnijiet reli\u0121ju\u017ci. Billi wara dawn il-modifikazzjonijiet, l-artal ma\u0121\u0121ur deher xi ftit zg\u0127ir, kien me\u0127tie\u0121 li jinqala\u2019 bi\u010b\u010ba bi\u010b\u010ba u jinbena \u0121did u akbar.<\/p>\n\n\n\n<p>Fil-31 ta\u2019 Lulju 1932, kien awtorizzat l-ftu\u0127 tan-novizzjat \u0121did fil-kunvent t\u2019G\u0127awdex. Ftit \u0121ranet wara, beda jinbena sular ie\u0127or. Illum dan il-kunvent \u0121ie trasformat f\u2019dar tal-irtiri.<\/p>\n","protected":false},"excerpt":{"rendered":"<p>Francesco Agius de Soldanis fl-opra tieg\u0127u manuskritta Gozo Antico e Moderno (1746) jg\u0127id li fid-19 ta\u2019 Ottubru 1583, xi barbari ni\u017clu G\u0127awdex minn Bi\u017certa u serqu \u0127afna \u0127wejje\u0121, flus u kotba. Dan is-serq seta\u2019 tellef lill-patrijiet il-provi dokumentati li juru meta kien mibni l-ewwel kunvent tal-Agostinjani f\u2019G\u0127awdex. Fost id-diversi stejjer qodma marbutin mal-pre\u017cenza tal-Agostinjani f\u2019G\u0127awdex, qabel stabbilew ru\u0127hom fir-Rabat, hemm dik li kienu jamministraw knisja \u010bkejkna fil-limiti tax-Xag\u0127ra, dedikata lil [&hellip;]<\/p>\n","protected":false},"author":1,"featured_media":3847,"parent":3936,"menu_order":6,"comment_status":"closed","ping_status":"closed","template":"","meta":{"_uag_custom_page_level_css":"","site-sidebar-layout":"default","site-content-layout":"","ast-site-content-layout":"default","site-content-style":"default","site-sidebar-style":"default","ast-global-header-display":"","ast-banner-title-visibility":"","ast-main-header-display":"","ast-hfb-above-header-display":"","ast-hfb-below-header-display":"","ast-hfb-mobile-header-display":"","site-post-title":"","ast-breadcrumbs-content":"","ast-featured-img":"disabled","footer-sml-layout":"","ast-disable-related-posts":"","theme-transparent-header-meta":"","adv-header-id-meta":"","stick-header-meta":"","header-above-stick-meta":"","header-main-stick-meta":"","header-below-stick-meta":"","astra-migrate-meta-layouts":"default","ast-page-background-enabled":"default","ast-page-background-meta":{"desktop":{"background-color":"var(--ast-global-color-4)","background-image":"","background-repeat":"repeat","background-position":"center center","background-size":"auto","background-attachment":"scroll","background-type":"","background-media":"","overlay-type":"","overlay-color":"","overlay-opacity":"","overlay-gradient":""},"tablet":{"background-color":"","background-image":"","background-repeat":"repeat","background-position":"center center","background-size":"auto","background-attachment":"scroll","background-type":"","background-media":"","overlay-type":"","overlay-color":"","overlay-opacity":"","overlay-gradient":""},"mobile":{"background-color":"","background-image":"","background-repeat":"repeat","background-position":"center center","background-size":"auto","background-attachment":"scroll","background-type":"","background-media":"","overlay-type":"","overlay-color":"","overlay-opacity":"","overlay-gradient":""}},"ast-content-background-meta":{"desktop":{"background-color":"var(--ast-global-color-5)","background-image":"","background-repeat":"repeat","background-position":"center center","background-size":"auto","background-attachment":"scroll","background-type":"","background-media":"","overlay-type":"","overlay-color":"","overlay-opacity":"","overlay-gradient":""},"tablet":{"background-color":"var(--ast-global-color-5)","background-image":"","background-repeat":"repeat","background-position":"center center","background-size":"auto","background-attachment":"scroll","background-type":"","background-media":"","overlay-type":"","overlay-color":"","overlay-opacity":"","overlay-gradient":""},"mobile":{"background-color":"var(--ast-global-color-5)","background-image":"","background-repeat":"repeat","background-position":"center center","background-size":"auto","background-attachment":"scroll","background-type":"","background-media":"","overlay-type":"","overlay-color":"","overlay-opacity":"","overlay-gradient":""}},"footnotes":""},"class_list":["post-3948","page","type-page","status-publish","has-post-thumbnail","hentry"],"uagb_featured_image_src":{"full":["https:\/\/i0.wp.com\/agostinjani.org\/wp-content\/uploads\/2023\/10\/04.-Gozo05.jpg?fit=1419%2C640&ssl=1",1419,640,false],"thumbnail":["https:\/\/i0.wp.com\/agostinjani.org\/wp-content\/uploads\/2023\/10\/04.-Gozo05.jpg?resize=350%2C350&ssl=1",350,350,true],"medium":["https:\/\/i0.wp.com\/agostinjani.org\/wp-content\/uploads\/2023\/10\/04.-Gozo05.jpg?fit=900%2C406&ssl=1",900,406,true],"medium_large":["https:\/\/i0.wp.com\/agostinjani.org\/wp-content\/uploads\/2023\/10\/04.-Gozo05.jpg?fit=768%2C346&ssl=1",768,346,true],"large":["https:\/\/i0.wp.com\/agostinjani.org\/wp-content\/uploads\/2023\/10\/04.-Gozo05.jpg?fit=1200%2C541&ssl=1",1200,541,true],"1536x1536":["https:\/\/i0.wp.com\/agostinjani.org\/wp-content\/uploads\/2023\/10\/04.-Gozo05.jpg?fit=1419%2C640&ssl=1",1419,640,true],"2048x2048":["https:\/\/i0.wp.com\/agostinjani.org\/wp-content\/uploads\/2023\/10\/04.-Gozo05.jpg?fit=1419%2C640&ssl=1",1419,640,true],"gform-image-choice-sm":["https:\/\/i0.wp.com\/agostinjani.org\/wp-content\/uploads\/2023\/10\/04.-Gozo05.jpg?resize=300%2C300&ssl=1",300,300,true],"gform-image-choice-md":["https:\/\/i0.wp.com\/agostinjani.org\/wp-content\/uploads\/2023\/10\/04.-Gozo05.jpg?resize=400%2C400&ssl=1",400,400,true],"gform-image-choice-lg":["https:\/\/i0.wp.com\/agostinjani.org\/wp-content\/uploads\/2023\/10\/04.-Gozo05.jpg?resize=600%2C600&ssl=1",600,600,true]},"uagb_author_info":{"display_name":"admin","author_link":"https:\/\/agostinjani.org\/mt\/author\/techit\/"},"uagb_comment_info":0,"uagb_excerpt":"Francesco Agius de Soldanis fl-opra tieg\u0127u manuskritta Gozo Antico e Moderno (1746) jg\u0127id li fid-19 ta\u2019 Ottubru 1583, xi barbari ni\u017clu G\u0127awdex minn Bi\u017certa u serqu \u0127afna \u0127wejje\u0121, flus u kotba. Dan is-serq seta\u2019 tellef lill-patrijiet il-provi dokumentati li juru meta kien mibni l-ewwel kunvent tal-Agostinjani f\u2019G\u0127awdex. Fost id-diversi stejjer qodma marbutin mal-pre\u017cenza tal-Agostinjani f\u2019G\u0127awdex,&hellip;","_links":{"self":[{"href":"https:\/\/agostinjani.org\/mt\/wp-json\/wp\/v2\/pages\/3948","targetHints":{"allow":["GET"]}}],"collection":[{"href":"https:\/\/agostinjani.org\/mt\/wp-json\/wp\/v2\/pages"}],"about":[{"href":"https:\/\/agostinjani.org\/mt\/wp-json\/wp\/v2\/types\/page"}],"author":[{"embeddable":true,"href":"https:\/\/agostinjani.org\/mt\/wp-json\/wp\/v2\/users\/1"}],"replies":[{"embeddable":true,"href":"https:\/\/agostinjani.org\/mt\/wp-json\/wp\/v2\/comments?post=3948"}],"version-history":[{"count":2,"href":"https:\/\/agostinjani.org\/mt\/wp-json\/wp\/v2\/pages\/3948\/revisions"}],"predecessor-version":[{"id":3951,"href":"https:\/\/agostinjani.org\/mt\/wp-json\/wp\/v2\/pages\/3948\/revisions\/3951"}],"up":[{"embeddable":true,"href":"https:\/\/agostinjani.org\/mt\/wp-json\/wp\/v2\/pages\/3936"}],"wp:featuredmedia":[{"embeddable":true,"href":"https:\/\/agostinjani.org\/mt\/wp-json\/wp\/v2\/media\/3847"}],"wp:attachment":[{"href":"https:\/\/agostinjani.org\/mt\/wp-json\/wp\/v2\/media?parent=3948"}],"curies":[{"name":"wp","href":"https:\/\/api.w.org\/{rel}","templated":true}]}}